{"id":17154,"date":"2022-10-04T11:54:54","date_gmt":"2022-10-04T11:54:54","guid":{"rendered":"https:\/\/fr-erg.pucoo.nl\/produkte\/vitality-fusion-50-46-copy\/"},"modified":"2024-04-23T15:08:59","modified_gmt":"2024-04-23T15:08:59","slug":"vitality","status":"publish","type":"page","link":"https:\/\/ergoline.nl\/fr\/produkte\/vitality\/","title":{"rendered":"Vitality"},"content":{"rendered":"<p>[vc_row css_animation=\u00a0\u00bb\u00a0\u00bb row_type=\u00a0\u00bbrow\u00a0\u00bb use_row_as_full_screen_section=\u00a0\u00bbno\u00a0\u00bb type=\u00a0\u00bbgrid\u00a0\u00bb angled_section=\u00a0\u00bbno\u00a0\u00bb text_align=\u00a0\u00bbleft\u00a0\u00bb background_image_as_pattern=\u00a0\u00bbwithout_pattern\u00a0\u00bb z_index=\u00a0\u00bb\u00a0\u00bb][vc_column][vc_single_image image=\u00a0\u00bb17156&Prime; img_size=\u00a0\u00bbfull\u00a0\u00bb alignment=\u00a0\u00bbcenter\u00a0\u00bb qode_css_animation=\u00a0\u00bb\u00a0\u00bb][\/vc_column][\/vc_row][vc_row css_animation=\u00a0\u00bb\u00a0\u00bb row_type=\u00a0\u00bbrow\u00a0\u00bb use_row_as_full_screen_section=\u00a0\u00bbno\u00a0\u00bb type=\u00a0\u00bbgrid\u00a0\u00bb angled_section=\u00a0\u00bbno\u00a0\u00bb text_align=\u00a0\u00bbleft\u00a0\u00bb background_image_as_pattern=\u00a0\u00bbwithout_pattern\u00a0\u00bb z_index=\u00a0\u00bb\u00a0\u00bb][vc_column][vc_separator type=\u00a0\u00bbtransparent\u00a0\u00bb][vc_separator type=\u00a0\u00bbtransparent\u00a0\u00bb][vc_column_text]<\/p>\n<h4>Les deux mod\u00e8les d&rsquo;entr\u00e9e de gamme de la s\u00e9rie Vitality associent des technologies UV de pointe et un design parfait \u00e0 un prix particuli\u00e8rement attractif. 50 lampes UV et 4 lampes visage Spectra LED ou 46 lampes UV et 3 lampes visage Spectra LED permettent un excellent bronzage. Air Condition Plus de s\u00e9rie et Surround Cooling avec ventilateur de pied garantissent un bronzage rafra\u00eechissant. Le bronzeur \u00e9paules LED et Cinematic Sound avec Bluetooth\u00ae et Wireless Charging en option offrent un bronzage parfait tout autour et une exp\u00e9rience sonore incomparable.<\/h4>\n<p>[\/vc_column_text][vc_separator type=\u00a0\u00bbtransparent\u00a0\u00bb][vc_separator type=\u00a0\u00bbtransparent\u00a0\u00bb][vc_row_inner row_type=\u00a0\u00bbrow\u00a0\u00bb type=\u00a0\u00bbfull_width\u00a0\u00bb text_align=\u00a0\u00bbleft\u00a0\u00bb css_animation=\u00a0\u00bb\u00a0\u00bb][vc_column_inner width=\u00a0\u00bb1\/2&Prime;][vc_column_text]<\/p>\n<p class=\"p1\"><b>Vitality UV 50<\/b><\/p>\n<p>Avec sa surface de couchage Multi Relax de 214 x 90 cm, le grand Vitality UV 50 offre plus de place pour le bronzage. 4 lampes Spectra LED pour le visage et 50 lampes Trend Advanced avec Smart Performance, optimis\u00e9es pour le bronzage, garantissent des r\u00e9sultats toujours excellents. Le rafra\u00eechissement est garanti \u00e0 n&rsquo;importe quelle temp\u00e9rature gr\u00e2ce \u00e0 Air Condition Plus et au Surround Cooling r\u00e9glable s\u00e9par\u00e9ment pour le visage et le corps, y compris le ventilateur pour les pieds. L&rsquo;\u00e9cran couleur Smart Control Plus, particuli\u00e8rement lumineux, facilite l&rsquo;utilisation et est facilement lisible avec des lunettes de protection contre les UV.[\/vc_column_text][vc_separator type=\u00a0\u00bbtransparent\u00a0\u00bb][\/vc_column_inner][vc_column_inner width=\u00a0\u00bb1\/2&Prime;][vc_column_text]<\/p>\n<p class=\"p1\"><b>Vitality UV 46<\/b><\/p>\n<p>M\u00eame le mod\u00e8le compact d&rsquo;entr\u00e9e de gamme offre toujours un bronzage rafra\u00eechissant gr\u00e2ce \u00e0 Air Condition Plus et au Surround Cooling r\u00e9glable individuellement pour le visage et le corps, y compris le ventilateur pour les pieds. Cinematic Sound avec Bluetooth\u00ae Connect en option garantit un plaisir musical individuel et vous impressionnera par son son incomparable. La fonction Wireless Charging est particuli\u00e8rement pratique: elle vous permet de recharger votre smartphone sans fil pendant le bronzage. Le syst\u00e8me NFC Connect est bien s\u00fbr \u00e9galement fourni en standard avec la s\u00e9rie Vitality d&rsquo;entr\u00e9e de gamme.[\/vc_column_text][\/vc_column_inner][\/vc_row_inner][\/vc_column][\/vc_row][vc_row css_animation=\u00a0\u00bb\u00a0\u00bb row_type=\u00a0\u00bbrow\u00a0\u00bb use_row_as_full_screen_section=\u00a0\u00bbno\u00a0\u00bb type=\u00a0\u00bbfull_width\u00a0\u00bb angled_section=\u00a0\u00bbno\u00a0\u00bb text_align=\u00a0\u00bbleft\u00a0\u00bb background_image_as_pattern=\u00a0\u00bbwithout_pattern\u00a0\u00bb][vc_column][vc_empty_space height=\u00a0\u00bb100px\u00a0\u00bb][\/vc_column][\/vc_row][vc_row css_animation=\u00a0\u00bb\u00a0\u00bb row_type=\u00a0\u00bbrow\u00a0\u00bb use_row_as_full_screen_section=\u00a0\u00bbno\u00a0\u00bb type=\u00a0\u00bbgrid\u00a0\u00bb angled_section=\u00a0\u00bbno\u00a0\u00bb text_align=\u00a0\u00bbleft\u00a0\u00bb background_image_as_pattern=\u00a0\u00bbwithout_pattern\u00a0\u00bb z_index=\u00a0\u00bb\u00a0\u00bb][vc_column width=\u00a0\u00bb1\/3&Prime;][vc_single_image image=\u00a0\u00bb17157&Prime; img_size=\u00a0\u00bbfull\u00a0\u00bb qode_css_animation=\u00a0\u00bb\u00a0\u00bb][vc_separator type=\u00a0\u00bbtransparent\u00a0\u00bb][vc_column_text]<\/p>\n<h3 class=\"p1\"><b>Cinematic Sound<\/b><\/h3>\n<p class=\"p1\">Avec Bluetooth\u00ae<\/p>\n<p>[\/vc_column_text][vc_separator type=\u00a0\u00bbtransparent\u00a0\u00bb][vc_column_text]Profitez de votre propre musique avec une exp\u00e9rience sonore impressionnante.[\/vc_column_text][vc_separator type=\u00a0\u00bbtransparent\u00a0\u00bb][\/vc_column][vc_column width=\u00a0\u00bb1\/3&Prime;][vc_single_image image=\u00a0\u00bb17305&Prime; img_size=\u00a0\u00bbfull\u00a0\u00bb qode_css_animation=\u00a0\u00bb\u00a0\u00bb][vc_separator type=\u00a0\u00bbtransparent\u00a0\u00bb][vc_column_text]<\/p>\n<h3 class=\"image-text-grid__headline\"><strong>Wireless Charging<\/strong><\/h3>\n<p>Station de charge sans fil[\/vc_column_text][vc_separator type=\u00a0\u00bbtransparent\u00a0\u00bb][vc_column_text]Gr\u00e2ce au Wireless Charging, vous pouvez recharger votre smartphone tout en profitant du soleil.[\/vc_column_text][vc_separator type=\u00a0\u00bbtransparent\u00a0\u00bb][\/vc_column][vc_column width=\u00a0\u00bb1\/3&Prime;][vc_single_image image=\u00a0\u00bb17159&Prime; img_size=\u00a0\u00bbfull\u00a0\u00bb qode_css_animation=\u00a0\u00bb\u00a0\u00bb][vc_separator type=\u00a0\u00bbtransparent\u00a0\u00bb][vc_column_text]<\/p>\n<h3 class=\"image-text-grid__headline\"><strong>LED Shoulder Tan<\/strong><\/h3>\n<p>Un bronzage parfait tout autour[\/vc_column_text][vc_separator type=\u00a0\u00bbtransparent\u00a0\u00bb][vc_column_text]Pour un joli bronzage avec un soin suppl\u00e9mentaire de la peau au niveau des \u00e9paules.[\/vc_column_text][\/vc_column][\/vc_row][vc_row css_animation=\u00a0\u00bb\u00a0\u00bb row_type=\u00a0\u00bbrow\u00a0\u00bb use_row_as_full_screen_section=\u00a0\u00bbno\u00a0\u00bb type=\u00a0\u00bbfull_width\u00a0\u00bb angled_section=\u00a0\u00bbno\u00a0\u00bb text_align=\u00a0\u00bbleft\u00a0\u00bb background_image_as_pattern=\u00a0\u00bbwithout_pattern\u00a0\u00bb][vc_column][vc_empty_space height=\u00a0\u00bb100px\u00a0\u00bb][\/vc_column][\/vc_row][vc_row css_animation=\u00a0\u00bb\u00a0\u00bb row_type=\u00a0\u00bbrow\u00a0\u00bb use_row_as_full_screen_section=\u00a0\u00bbno\u00a0\u00bb type=\u00a0\u00bbgrid\u00a0\u00bb angled_section=\u00a0\u00bbno\u00a0\u00bb text_align=\u00a0\u00bbleft\u00a0\u00bb background_image_as_pattern=\u00a0\u00bbwithout_pattern\u00a0\u00bb z_index=\u00a0\u00bb\u00a0\u00bb][vc_column width=\u00a0\u00bb2\/3&Prime;][vc_single_image image=\u00a0\u00bb17307&Prime; img_size=\u00a0\u00bbfull\u00a0\u00bb qode_css_animation=\u00a0\u00bb\u00a0\u00bb][vc_separator type=\u00a0\u00bbtransparent\u00a0\u00bb][\/vc_column][vc_column width=\u00a0\u00bb1\/3&Prime;][vc_column_text]<\/p>\n<h3><strong>Bronzage facial Spectra LED<\/strong><\/h3>\n<h3><strong>Efficace, \u00e9conome en \u00e9nergie et doux pour la peau<\/strong><\/h3>\n<p>[\/vc_column_text][vc_separator type=\u00a0\u00bbtransparent\u00a0\u00bb][vc_column_text]Spectra g\u00e9n\u00e8re efficacement exactement les spectres lumineux qui rendent chaque s\u00e9ance de bronzage encore plus agr\u00e9able, tout en \u00e9conomisant de l&rsquo;\u00e9lectricit\u00e9 et en \u00e9tant doux pour la peau.<\/p>\n<p><strong>90% de consommation \u00e9lectrique en moins, moins de chaleur et des r\u00e9sultats de bronzage incomparables.<\/strong><\/p>\n<p>La chaleur est souvent associ\u00e9e au bronzage, mais le contraire est vrai : un r\u00e9chauffement excessif de la peau entra\u00eene une r\u00e9action rapide pour la refroidir. Le sang est drain\u00e9 de la peau, ce qui peut entra\u00eener une diminution de l&rsquo;apport en nutriments et r\u00e9duire la r\u00e9action de bronzage.<\/p>\n<p>Le d\u00e9veloppement de chaleur plus faible avec Spectra est \u00e9galement doux pour la peau et permet au Beauty Light, qui soigne la peau, d&rsquo;agir plus efficacement. La r\u00e9partition particuli\u00e8rement homog\u00e8ne de la lumi\u00e8re garantit un bronzage uniforme et intensif. Pour l&rsquo;exp\u00e9rience de bronzage la meilleure et la plus douce possible.[\/vc_column_text][\/vc_column][\/vc_row][vc_row css_animation=\u00a0\u00bb\u00a0\u00bb row_type=\u00a0\u00bbrow\u00a0\u00bb use_row_as_full_screen_section=\u00a0\u00bbno\u00a0\u00bb type=\u00a0\u00bbfull_width\u00a0\u00bb angled_section=\u00a0\u00bbno\u00a0\u00bb text_align=\u00a0\u00bbleft\u00a0\u00bb background_image_as_pattern=\u00a0\u00bbwithout_pattern\u00a0\u00bb][vc_column][vc_empty_space height=\u00a0\u00bb100px\u00a0\u00bb][\/vc_column][\/vc_row][vc_row css_animation=\u00a0\u00bb\u00a0\u00bb row_type=\u00a0\u00bbrow\u00a0\u00bb use_row_as_full_screen_section=\u00a0\u00bbno\u00a0\u00bb type=\u00a0\u00bbgrid\u00a0\u00bb angled_section=\u00a0\u00bbno\u00a0\u00bb text_align=\u00a0\u00bbleft\u00a0\u00bb background_image_as_pattern=\u00a0\u00bbwithout_pattern\u00a0\u00bb z_index=\u00a0\u00bb\u00a0\u00bb][vc_column width=\u00a0\u00bb1\/3&Prime;][vc_column_text]<\/p>\n<div class=\"video-text-box__headline\">\n<h3><strong>Rafra\u00eechissement uniforme<\/strong><\/h3>\n<\/div>\n<div class=\"video-text-box__subheadline\">\n<h3>de la t\u00eate aux pieds<\/h3>\n<\/div>\n<p>[\/vc_column_text][vc_empty_space][vc_column_text]<strong>Ventilation 2 zones<\/strong><\/p>\n<p>Avec la ventilation 2 zones la ventilation automatique du corps et du visage peut \u00eatre contr\u00f4l\u00e9e s\u00e9par\u00e9ment.<\/p>\n<p>&nbsp;<\/p>\n<p><strong>Surround Cooling<\/strong><\/p>\n<p>Offre un flux d&rsquo;air r\u00e9gulier, comme une brise marine fra\u00eeche. De plus, Surround Cooling est plus silencieux que jamais.<\/p>\n<p>&nbsp;<\/p>\n<p><strong>Air Condition Plus<\/strong><\/p>\n<p>Temp\u00e9rature confortable gr\u00e2ce \u00e0 une climatisation puissante et efficace de s\u00e9rie. Ainsi, m\u00eame en \u00e9t\u00e9, vous ne transpirerez pas.[\/vc_column_text][vc_separator type=\u00a0\u00bbtransparent\u00a0\u00bb][\/vc_column][vc_column width=\u00a0\u00bb2\/3&Prime;][vc_single_image image=\u00a0\u00bb17306&Prime; img_size=\u00a0\u00bbfull\u00a0\u00bb qode_css_animation=\u00a0\u00bb\u00a0\u00bb][\/vc_column][\/vc_row][vc_row css_animation=\u00a0\u00bb\u00a0\u00bb row_type=\u00a0\u00bbrow\u00a0\u00bb use_row_as_full_screen_section=\u00a0\u00bbno\u00a0\u00bb type=\u00a0\u00bbfull_width\u00a0\u00bb angled_section=\u00a0\u00bbno\u00a0\u00bb text_align=\u00a0\u00bbleft\u00a0\u00bb background_image_as_pattern=\u00a0\u00bbwithout_pattern\u00a0\u00bb][vc_column][vc_empty_space height=\u00a0\u00bb100px\u00a0\u00bb][\/vc_column][\/vc_row][vc_row css_animation=\u00a0\u00bb\u00a0\u00bb row_type=\u00a0\u00bbrow\u00a0\u00bb use_row_as_full_screen_section=\u00a0\u00bbno\u00a0\u00bb type=\u00a0\u00bbgrid\u00a0\u00bb angled_section=\u00a0\u00bbno\u00a0\u00bb text_align=\u00a0\u00bbleft\u00a0\u00bb background_image_as_pattern=\u00a0\u00bbwithout_pattern\u00a0\u00bb z_index=\u00a0\u00bb\u00a0\u00bb][vc_column css=\u00a0\u00bb.vc_custom_1655213736903{padding-right: 40px !important;padding-left: 40px !important;background-color: #f5f5f5 !important;}\u00a0\u00bb][vc_tabs style=\u00a0\u00bbboxed\u00a0\u00bb][vc_tab title=\u00a0\u00bbUV-Technology\u00a0\u00bb tab_id=\u00a0\u00bb1653995926772-1-2&Prime;][vc_row_inner row_type=\u00a0\u00bbrow\u00a0\u00bb type=\u00a0\u00bbfull_width\u00a0\u00bb text_align=\u00a0\u00bbleft\u00a0\u00bb css_animation=\u00a0\u00bb\u00a0\u00bb][vc_column_inner][vc_separator type=\u00a0\u00bbtransparent\u00a0\u00bb][vc_column_text]<\/p>\n<h2 style=\"text-align: left;\">UV-Technology<\/h2>\n<p>[\/vc_column_text][\/vc_column_inner][\/vc_row_inner][vc_row_inner row_type=\u00a0\u00bbrow\u00a0\u00bb type=\u00a0\u00bbfull_width\u00a0\u00bb text_align=\u00a0\u00bbleft\u00a0\u00bb css_animation=\u00a0\u00bb\u00a0\u00bb][vc_column_inner width=\u00a0\u00bb1\/2&Prime;][vc_empty_space][vc_column_text]Les LED UVA d&rsquo;Ergoline permettent un bronzage particuli\u00e8rement intense et instantan\u00e9ment visible sur le visage et les \u00e9paules gr\u00e2ce \u00e0 un syst\u00e8me de r\u00e9flecteurs sp\u00e9cialement d\u00e9velopp\u00e9. Gr\u00e2ce \u00e0 la technologie LED, la puissance de bronzage reste toujours constante et, au lieu de \u00ab\u00a0points chauds\u00a0\u00bb individuels, un bronzage uniforme et intense est cr\u00e9\u00e9.[\/vc_column_text][\/vc_column_inner][vc_column_inner width=\u00a0\u00bb1\/2&Prime;][vc_empty_space][vc_column_text]Vitality UV 50<\/p>\n<ul>\n<li>208 LED UVA<\/li>\n<li>50 lampes avec Dynamic Performance<\/li>\n<li>Performances de bronzage \u00e9lev\u00e9es et constantes<\/li>\n<li>4 x lampes visage LED Spectra<\/li>\n<li>4 x lampes spaghetti UVB<\/li>\n<li>LED Shoulder Tan<\/li>\n<\/ul>\n<p>&nbsp;<\/p>\n<p>Vitality UV 46<\/p>\n<ul>\n<li>166 LED UVA<\/li>\n<li>46 lampes avec Dynamic Performance<\/li>\n<li>3 x lampes visage LED Spectra<\/li>\n<li>2 x lampes spaghetti UVB<\/li>\n<li>LED Shouder Tan (en option)<\/li>\n<\/ul>\n<p>[\/vc_column_text][\/vc_column_inner][\/vc_row_inner][\/vc_tab][vc_tab title=\u00a0\u00bbConfort\u00a0\u00bb tab_id=\u00a0\u00bb1653995977185-2-6&Prime;][vc_row_inner row_type=\u00a0\u00bbrow\u00a0\u00bb type=\u00a0\u00bbfull_width\u00a0\u00bb text_align=\u00a0\u00bbleft\u00a0\u00bb css_animation=\u00a0\u00bb\u00a0\u00bb][vc_column_inner][vc_separator type=\u00a0\u00bbtransparent\u00a0\u00bb][vc_column_text]<\/p>\n<h2 style=\"text-align: left;\">Confort<\/h2>\n<p>[\/vc_column_text][\/vc_column_inner][\/vc_row_inner][vc_row_inner row_type=\u00a0\u00bbrow\u00a0\u00bb type=\u00a0\u00bbfull_width\u00a0\u00bb text_align=\u00a0\u00bbleft\u00a0\u00bb css_animation=\u00a0\u00bb\u00a0\u00bb][vc_column_inner width=\u00a0\u00bb1\/2&Prime;][vc_empty_space][vc_column_text]Les deux mod\u00e8les d&rsquo;entr\u00e9e de gamme combinent les technologies UV les plus avanc\u00e9es du march\u00e9 avec un design parfait. Air Condition Plus et Surround Cooling, y compris le ventilateur de pied et la ventilation \u00e0 deux zones de s\u00e9rie, garantissent un bronzage rafra\u00eechissant. Gr\u00e2ce au Cinematic Sound et Bluetooth\u00ae, le Vitality se transforme en une petite salle de concert, tandis que votre smartphone se recharge gr\u00e2ce au Wireless Charging.[\/vc_column_text][\/vc_column_inner][vc_column_inner width=\u00a0\u00bb1\/2&Prime;][vc_empty_space][vc_column_text]<\/p>\n<ul class=\"ul1\">\n<li>Climatisation avec Air Condition Plus<\/li>\n<li>Surround Cooling avec ventilation 2 zones<\/li>\n<li>NFC Connect \/ Personal Comfort<\/li>\n<li>Lit de couchage Multi Relax (214 x 90 ou 83 cm)<\/li>\n<li>Cinematic Sound avec Bluetooth\u00ae (en option)<\/li>\n<li>Wireless Charging pour smartphone (en option)<\/li>\n<li>Display commande Smart Control Plus<\/li>\n<\/ul>\n<p>[\/vc_column_text][\/vc_column_inner][\/vc_row_inner][\/vc_tab][\/vc_tabs][vc_separator type=\u00a0\u00bbtransparent\u00a0\u00bb][vc_separator type=\u00a0\u00bbtransparent\u00a0\u00bb][vc_separator type=\u00a0\u00bbtransparent\u00a0\u00bb][\/vc_column][\/vc_row][vc_row css_animation=\u00a0\u00bb\u00a0\u00bb row_type=\u00a0\u00bbrow\u00a0\u00bb use_row_as_full_screen_section=\u00a0\u00bbno\u00a0\u00bb type=\u00a0\u00bbgrid\u00a0\u00bb angled_section=\u00a0\u00bbno\u00a0\u00bb text_align=\u00a0\u00bbleft\u00a0\u00bb background_image_as_pattern=\u00a0\u00bbwithout_pattern\u00a0\u00bb z_index=\u00a0\u00bb\u00a0\u00bb][vc_column][vc_separator type=\u00a0\u00bbtransparent\u00a0\u00bb][vc_separator type=\u00a0\u00bbtransparent\u00a0\u00bb][vc_separator type=\u00a0\u00bbtransparent\u00a0\u00bb][vc_single_image image=\u00a0\u00bb17161&Prime; img_size=\u00a0\u00bbfull\u00a0\u00bb qode_css_animation=\u00a0\u00bb\u00a0\u00bb][vc_separator type=\u00a0\u00bbtransparent\u00a0\u00bb][vc_separator type=\u00a0\u00bbtransparent\u00a0\u00bb][vc_separator type=\u00a0\u00bbtransparent\u00a0\u00bb][\/vc_column][\/vc_row][vc_row row_type=\u00a0\u00bbexpandable\u00a0\u00bb text_align=\u00a0\u00bbleft\u00a0\u00bb css=\u00a0\u00bb.vc_custom_1664972698300{padding-right: 40px !important;padding-left: 40px !important;}\u00a0\u00bb color=\u00a0\u00bb#000000&Prime; hover_color=\u00a0\u00bb#000000&Prime; more_button_label=\u00a0\u00bbDonn\u00e9es Techniques\u00a0\u00bb less_button_label=\u00a0\u00bbFermer\u00a0\u00bb][vc_column width=\u00a0\u00bb2\/3&Prime;][vc_column_text]<\/p>\n<h2><strong>Donn\u00e9es Techniques<\/strong><\/h2>\n<p>[\/vc_column_text][vc_separator type=\u00a0\u00bbnormal\u00a0\u00bb][vc_separator type=\u00a0\u00bbtransparent\u00a0\u00bb][vc_row_inner row_type=\u00a0\u00bbrow\u00a0\u00bb type=\u00a0\u00bbfull_width\u00a0\u00bb text_align=\u00a0\u00bbleft\u00a0\u00bb css_animation=\u00a0\u00bb\u00a0\u00bb][vc_column_inner width=\u00a0\u00bb1\/2&Prime;][vc_column_text]<\/p>\n<div class=\"product-details__detail\">\n<h5 class=\"product-details__detail\">Dimensions produit<\/h5>\n<h5>(l x L x H en cm)<\/h5>\n<\/div>\n<p>[\/vc_column_text][\/vc_column_inner][vc_column_inner width=\u00a0\u00bb1\/2&Prime;][vc_column_text]<strong>Ferm\u00e9<\/strong><br \/>\n235 x 144 x 155<\/p>\n<p><strong>Ouvert<\/strong><br \/>\n235 x 144 x 190[\/vc_column_text][\/vc_column_inner][\/vc_row_inner][vc_row_inner row_type=\u00a0\u00bbrow\u00a0\u00bb type=\u00a0\u00bbfull_width\u00a0\u00bb text_align=\u00a0\u00bbleft\u00a0\u00bb css_animation=\u00a0\u00bb\u00a0\u00bb][vc_column_inner][vc_separator type=\u00a0\u00bbtransparent\u00a0\u00bb][vc_separator type=\u00a0\u00bbnormal\u00a0\u00bb][vc_separator type=\u00a0\u00bbtransparent\u00a0\u00bb][\/vc_column_inner][\/vc_row_inner][vc_row_inner row_type=\u00a0\u00bbrow\u00a0\u00bb type=\u00a0\u00bbfull_width\u00a0\u00bb text_align=\u00a0\u00bbleft\u00a0\u00bb css_animation=\u00a0\u00bb\u00a0\u00bb][vc_column_inner width=\u00a0\u00bb1\/2&Prime;][vc_column_text]<\/p>\n<div class=\"product-details__detail\">\n<h5>Dimensions int\u00e9rieures requises de la cabine<\/h5>\n<h5>(l x L en cm)<\/h5>\n<\/div>\n<p>[\/vc_column_text][\/vc_column_inner][vc_column_inner width=\u00a0\u00bb1\/2&Prime;][vc_column_text]250 x 230[\/vc_column_text][\/vc_column_inner][\/vc_row_inner][vc_row_inner row_type=\u00a0\u00bbrow\u00a0\u00bb type=\u00a0\u00bbfull_width\u00a0\u00bb text_align=\u00a0\u00bbleft\u00a0\u00bb css_animation=\u00a0\u00bb\u00a0\u00bb][vc_column_inner][vc_separator type=\u00a0\u00bbtransparent\u00a0\u00bb][vc_separator type=\u00a0\u00bbnormal\u00a0\u00bb][vc_separator type=\u00a0\u00bbtransparent\u00a0\u00bb][\/vc_column_inner][\/vc_row_inner][vc_row_inner row_type=\u00a0\u00bbrow\u00a0\u00bb type=\u00a0\u00bbfull_width\u00a0\u00bb text_align=\u00a0\u00bbleft\u00a0\u00bb css_animation=\u00a0\u00bb\u00a0\u00bb][vc_column_inner width=\u00a0\u00bb1\/2&Prime;][vc_column_text]<\/p>\n<h5>Puissance totale maximale avec raccordement 400\/415 V 3 N<\/h5>\n<p>[\/vc_column_text][\/vc_column_inner][vc_column_inner width=\u00a0\u00bb1\/2&Prime;][vc_column_text]-[\/vc_column_text][\/vc_column_inner][\/vc_row_inner][vc_row_inner row_type=\u00a0\u00bbrow\u00a0\u00bb type=\u00a0\u00bbfull_width\u00a0\u00bb text_align=\u00a0\u00bbleft\u00a0\u00bb css_animation=\u00a0\u00bb\u00a0\u00bb][vc_column_inner][vc_separator type=\u00a0\u00bbtransparent\u00a0\u00bb][vc_separator type=\u00a0\u00bbnormal\u00a0\u00bb][vc_separator type=\u00a0\u00bbtransparent\u00a0\u00bb][\/vc_column_inner][\/vc_row_inner][vc_row_inner row_type=\u00a0\u00bbrow\u00a0\u00bb type=\u00a0\u00bbfull_width\u00a0\u00bb text_align=\u00a0\u00bbleft\u00a0\u00bb css_animation=\u00a0\u00bb\u00a0\u00bb][vc_column_inner width=\u00a0\u00bb1\/2&Prime;][vc_column_text]<\/p>\n<div class=\"product-details__detail\">\n<h5>Fusibles<\/h5>\n<h5>(Lent)<\/h5>\n<\/div>\n<p>[\/vc_column_text][\/vc_column_inner][vc_column_inner width=\u00a0\u00bb1\/2&Prime;][vc_column_text]3 x 25 A[\/vc_column_text][\/vc_column_inner][\/vc_row_inner][vc_row_inner row_type=\u00a0\u00bbrow\u00a0\u00bb type=\u00a0\u00bbfull_width\u00a0\u00bb text_align=\u00a0\u00bbleft\u00a0\u00bb css_animation=\u00a0\u00bb\u00a0\u00bb][vc_column_inner][vc_separator type=\u00a0\u00bbtransparent\u00a0\u00bb][vc_separator type=\u00a0\u00bbnormal\u00a0\u00bb][vc_separator type=\u00a0\u00bbtransparent\u00a0\u00bb][\/vc_column_inner][\/vc_row_inner][vc_row_inner row_type=\u00a0\u00bbrow\u00a0\u00bb type=\u00a0\u00bbfull_width\u00a0\u00bb text_align=\u00a0\u00bbleft\u00a0\u00bb css_animation=\u00a0\u00bb\u00a0\u00bb][vc_column_inner width=\u00a0\u00bb1\/2&Prime;][vc_column_text]<\/p>\n<h5>Poids<\/h5>\n<p>[\/vc_column_text][\/vc_column_inner][vc_column_inner width=\u00a0\u00bb1\/2&Prime;][vc_column_text]534 kg[\/vc_column_text][\/vc_column_inner][\/vc_row_inner][vc_row_inner row_type=\u00a0\u00bbrow\u00a0\u00bb type=\u00a0\u00bbfull_width\u00a0\u00bb text_align=\u00a0\u00bbleft\u00a0\u00bb css_animation=\u00a0\u00bb\u00a0\u00bb][vc_column_inner][vc_separator type=\u00a0\u00bbtransparent\u00a0\u00bb][vc_separator type=\u00a0\u00bbnormal\u00a0\u00bb][vc_separator type=\u00a0\u00bbtransparent\u00a0\u00bb][\/vc_column_inner][\/vc_row_inner][vc_row_inner row_type=\u00a0\u00bbrow\u00a0\u00bb type=\u00a0\u00bbfull_width\u00a0\u00bb text_align=\u00a0\u00bbleft\u00a0\u00bb css_animation=\u00a0\u00bb\u00a0\u00bb][vc_column_inner width=\u00a0\u00bb1\/2&Prime;][vc_column_text]<\/p>\n<h5 class=\"product-details__detail\">Informations produit<\/h5>\n<p>[\/vc_column_text][\/vc_column_inner][vc_column_inner width=\u00a0\u00bb1\/2&Prime;][vc_column_text]<img loading=\"lazy\" decoding=\"async\" class=\"wp-image-15600 alignleft\" src=\"https:\/\/ergoline.de\/wp-content\/uploads\/2020\/09\/Schermafbeelding-2020-09-08-om-14.06.49.png\" alt=\"\" width=\"70\" height=\"85\" \/><\/p>\n<p>Vous trouverez plus d\u2019informations dans nos manuels d\u2019instruction et d\u2019installation[\/vc_column_text][\/vc_column_inner][\/vc_row_inner][\/vc_column][vc_column width=\u00a0\u00bb1\/3&Prime;][vc_single_image image=\u00a0\u00bb17121&Prime; img_size=\u00a0\u00bbmedium\u00a0\u00bb qode_css_animation=\u00a0\u00bb\u00a0\u00bb][\/vc_column][\/vc_row][vc_row css_animation=\u00a0\u00bb\u00a0\u00bb row_type=\u00a0\u00bbrow\u00a0\u00bb use_row_as_full_screen_section=\u00a0\u00bbno\u00a0\u00bb type=\u00a0\u00bbfull_width\u00a0\u00bb angled_section=\u00a0\u00bbno\u00a0\u00bb text_align=\u00a0\u00bbleft\u00a0\u00bb background_image_as_pattern=\u00a0\u00bbwithout_pattern\u00a0\u00bb][vc_column][vc_empty_space height=\u00a0\u00bb100px\u00a0\u00bb][\/vc_column][\/vc_row][vc_row css_animation=\u00a0\u00bb\u00a0\u00bb row_type=\u00a0\u00bbrow\u00a0\u00bb use_row_as_full_screen_section=\u00a0\u00bbno\u00a0\u00bb type=\u00a0\u00bbfull_width\u00a0\u00bb angled_section=\u00a0\u00bbno\u00a0\u00bb text_align=\u00a0\u00bbcenter\u00a0\u00bb background_image_as_pattern=\u00a0\u00bbwithout_pattern\u00a0\u00bb z_index=\u00a0\u00bb\u00a0\u00bb][vc_column]<a  itemprop=\"url\" href=\"https:\/\/ergoline.de\/produkte\/\" target=\"_self\" data-hover-color='#000000' class=\"qbutton  default borderstyle\" style=\"color: #000000; border-color: #000000; \">Retour \u00e0 l\u2019aper\u00e7u<\/a>[\/vc_column][\/vc_row][vc_row css_animation=\u00a0\u00bb\u00a0\u00bb row_type=\u00a0\u00bbrow\u00a0\u00bb use_row_as_full_screen_section=\u00a0\u00bbno\u00a0\u00bb type=\u00a0\u00bbfull_width\u00a0\u00bb angled_section=\u00a0\u00bbno\u00a0\u00bb text_align=\u00a0\u00bbleft\u00a0\u00bb background_image_as_pattern=\u00a0\u00bbwithout_pattern\u00a0\u00bb][vc_column][vc_empty_space height=\u00a0\u00bb25&Prime;][\/vc_column][\/vc_row]<\/p>\n","protected":false},"excerpt":{"rendered":"<p>[vc_row css_animation=\u00a0\u00bb\u00a0\u00bb row_type=\u00a0\u00bbrow\u00a0\u00bb use_row_as_full_screen_section=\u00a0\u00bbno\u00a0\u00bb type=\u00a0\u00bbgrid\u00a0\u00bb angled_section=\u00a0\u00bbno\u00a0\u00bb text_align=\u00a0\u00bbleft\u00a0\u00bb background_image_as_pattern=\u00a0\u00bbwithout_pattern\u00a0\u00bb z_index=\u00a0\u00bb\u00a0\u00bb][vc_column][vc_single_image image=\u00a0\u00bb17156&Prime; img_size=\u00a0\u00bbfull\u00a0\u00bb alignment=\u00a0\u00bbcenter\u00a0\u00bb qode_css_animation=\u00a0\u00bb\u00a0\u00bb][\/vc_column][\/vc_row][vc_row css_animation=\u00a0\u00bb\u00a0\u00bb row_type=\u00a0\u00bbrow\u00a0\u00bb use_row_as_full_screen_section=\u00a0\u00bbno\u00a0\u00bb type=\u00a0\u00bbgrid\u00a0\u00bb angled_section=\u00a0\u00bbno\u00a0\u00bb text_align=\u00a0\u00bbleft\u00a0\u00bb background_image_as_pattern=\u00a0\u00bbwithout_pattern\u00a0\u00bb z_index=\u00a0\u00bb\u00a0\u00bb][vc_column][vc_separator type=\u00a0\u00bbtransparent\u00a0\u00bb][vc_separator type=\u00a0\u00bbtransparent\u00a0\u00bb][vc_column_text] Les deux mod\u00e8les d&rsquo;entr\u00e9e de gamme de la s\u00e9rie Vitality associent des technologies UV de pointe et un design parfait \u00e0 un&#8230;<\/p>\n","protected":false},"author":2,"featured_media":0,"parent":15582,"menu_order":0,"comment_status":"open","ping_status":"open","template":"full_width.php","meta":{"footnotes":""},"class_list":["post-17154","page","type-page","status-publish","hentry"],"_links":{"self":[{"href":"https:\/\/ergoline.nl\/fr\/wp-json\/wp\/v2\/pages\/17154","targetHints":{"allow":["GET"]}}],"collection":[{"href":"https:\/\/ergoline.nl\/fr\/wp-json\/wp\/v2\/pages"}],"about":[{"href":"https:\/\/ergoline.nl\/fr\/wp-json\/wp\/v2\/types\/page"}],"author":[{"embeddable":true,"href":"https:\/\/ergoline.nl\/fr\/wp-json\/wp\/v2\/users\/2"}],"replies":[{"embeddable":true,"href":"https:\/\/ergoline.nl\/fr\/wp-json\/wp\/v2\/comments?post=17154"}],"version-history":[{"count":4,"href":"https:\/\/ergoline.nl\/fr\/wp-json\/wp\/v2\/pages\/17154\/revisions"}],"predecessor-version":[{"id":17313,"href":"https:\/\/ergoline.nl\/fr\/wp-json\/wp\/v2\/pages\/17154\/revisions\/17313"}],"up":[{"embeddable":true,"href":"https:\/\/ergoline.nl\/fr\/wp-json\/wp\/v2\/pages\/15582"}],"wp:attachment":[{"href":"https:\/\/ergoline.nl\/fr\/wp-json\/wp\/v2\/media?parent=17154"}],"curies":[{"name":"wp","href":"https:\/\/api.w.org\/{rel}","templated":true}]}}