{"id":16974,"date":"2022-06-09T08:03:49","date_gmt":"2022-06-09T08:03:49","guid":{"rendered":"https:\/\/fr-erg.pucoo.nl\/marketing-copy\/"},"modified":"2025-01-21T13:44:55","modified_gmt":"2025-01-21T13:44:55","slug":"marketing","status":"publish","type":"page","link":"https:\/\/ergoline.nl\/fr\/marketing\/","title":{"rendered":"Marketing"},"content":{"rendered":"<div class=\"wpb-content-wrapper\"><p>[vc_row css_animation=&#8221;&#8221; row_type=&#8221;row&#8221; use_row_as_full_screen_section=&#8221;no&#8221; type=&#8221;grid&#8221; angled_section=&#8221;no&#8221; text_align=&#8221;left&#8221; background_image_as_pattern=&#8221;without_pattern&#8221; z_index=&#8221;&#8221;][vc_column width=&#8221;1\/3&#8243;][vc_single_image image=&#8221;17303&#8243; img_size=&#8221;full&#8221; qode_css_animation=&#8221;&#8221;][vc_separator type=&#8221;transparent&#8221;][vc_column_text]<\/p>\n<h3>Outil <strong>marketing<\/strong><\/h3>\n<p>&nbsp;<\/p>\n<p><span lang=\"FR\">L\u2019outil marketing Ergoline international vous propose tout ce dont vous avez besoin pour promouvoir avec succ\u00e8s vos \u00e9quipements Ergoline\u00a0! L\u2019outil est prot\u00e9g\u00e9 \u00e0 l\u2019aide d\u2019un mot de passe de mani\u00e8re \u00e0 ce que seuls les studios Ergoline officiels puissent l\u2019utiliser.\u00a0Vous souhaitez recevoir un mot de passe\u00a0?\u00a0Contactez votre repr\u00e9sentant Ergoline.<\/span>[\/vc_column_text][vc_separator type=&#8221;transparent&#8221;][vc_separator type=&#8221;transparent&#8221;][vc_row_inner row_type=&#8221;row&#8221; type=&#8221;full_width&#8221; text_align=&#8221;left&#8221; css_animation=&#8221;&#8221;][vc_column_inner offset=&#8221;vc_hidden-lg vc_hidden-md&#8221;]<a  itemprop=\"url\" href=\"https:\/\/www.jk-group.net\/professional\" target=\"_blank\" data-hover-background-color=\"#011b32\" data-hover-color=\"#ffffff\" class=\"qbutton  large default borderstyle\" style=\"color: #4d6070; border-color: #4d6070; \">Zum marketing tool<\/a>[\/vc_column_inner][\/vc_row_inner][\/vc_column][\/vc_row][vc_row css_animation=&#8221;&#8221; row_type=&#8221;row&#8221; use_row_as_full_screen_section=&#8221;no&#8221; type=&#8221;full_width&#8221; angled_section=&#8221;no&#8221; text_align=&#8221;left&#8221; background_image_as_pattern=&#8221;without_pattern&#8221;][vc_column width=&#8221;1\/3&#8243; offset=&#8221;vc_hidden-sm vc_hidden-xs&#8221;]<a  itemprop=\"url\" href=\"https:\/\/www.jk-group.net\/professional\" target=\"_blank\" data-hover-background-color=\"#011b32\" data-hover-color=\"#ffffff\" class=\"qbutton  large default borderstyle\" style=\"color: #4d6070; border-color: #4d6070; \">Outil marketing<\/a>[vc_separator type=&#8221;transparent&#8221;][vc_separator type=&#8221;transparent&#8221;][\/vc_column][\/vc_row]<\/p>\n<\/div>","protected":false},"excerpt":{"rendered":"<p>[vc_row css_animation=&#8221;&#8221; row_type=&#8221;row&#8221; use_row_as_full_screen_section=&#8221;no&#8221; type=&#8221;grid&#8221; angled_section=&#8221;no&#8221; text_align=&#8221;left&#8221; background_image_as_pattern=&#8221;without_pattern&#8221; z_index=&#8221;&#8221;][vc_column width=&#8221;1\/3&#8243;][vc_single_image image=&#8221;17303&#8243; img_size=&#8221;full&#8221; qode_css_animation=&#8221;&#8221;][vc_separator type=&#8221;transparent&#8221;][vc_column_text] Outil marketing &nbsp; L\u2019outil marketing Ergoline international vous propose tout ce dont vous avez besoin pour promouvoir avec succ\u00e8s vos \u00e9quipements Ergoline\u00a0! L\u2019outil est prot\u00e9g\u00e9 \u00e0 l\u2019aide d\u2019un mot de passe&#8230;<\/p>\n","protected":false},"author":2,"featured_media":0,"parent":0,"menu_order":0,"comment_status":"closed","ping_status":"closed","template":"","meta":{"footnotes":""},"class_list":["post-16974","page","type-page","status-publish","hentry"],"_links":{"self":[{"href":"https:\/\/ergoline.nl\/fr\/wp-json\/wp\/v2\/pages\/16974","targetHints":{"allow":["GET"]}}],"collection":[{"href":"https:\/\/ergoline.nl\/fr\/wp-json\/wp\/v2\/pages"}],"about":[{"href":"https:\/\/ergoline.nl\/fr\/wp-json\/wp\/v2\/types\/page"}],"author":[{"embeddable":true,"href":"https:\/\/ergoline.nl\/fr\/wp-json\/wp\/v2\/users\/2"}],"replies":[{"embeddable":true,"href":"https:\/\/ergoline.nl\/fr\/wp-json\/wp\/v2\/comments?post=16974"}],"version-history":[{"count":7,"href":"https:\/\/ergoline.nl\/fr\/wp-json\/wp\/v2\/pages\/16974\/revisions"}],"predecessor-version":[{"id":31824,"href":"https:\/\/ergoline.nl\/fr\/wp-json\/wp\/v2\/pages\/16974\/revisions\/31824"}],"wp:attachment":[{"href":"https:\/\/ergoline.nl\/fr\/wp-json\/wp\/v2\/media?parent=16974"}],"curies":[{"name":"wp","href":"https:\/\/api.w.org\/{rel}","templated":true}]}}