{"id":16815,"date":"2022-05-04T14:23:11","date_gmt":"2022-05-04T14:23:11","guid":{"rendered":"https:\/\/fr-erg.pucoo.nl\/news\/ergoline-in-belgien-copy\/"},"modified":"2022-09-30T11:11:28","modified_gmt":"2022-09-30T11:11:28","slug":"holtkamp-electronics-et-jk-group","status":"publish","type":"page","link":"https:\/\/ergoline.nl\/fr\/news\/holtkamp-electronics-et-jk-group\/","title":{"rendered":"Holtkamp Electronics et JK Group"},"content":{"rendered":"<p>[vc_row css_animation=\u00a0\u00bb\u00a0\u00bb row_type=\u00a0\u00bbrow\u00a0\u00bb use_row_as_full_screen_section=\u00a0\u00bbno\u00a0\u00bb type=\u00a0\u00bbgrid\u00a0\u00bb angled_section=\u00a0\u00bbno\u00a0\u00bb text_align=\u00a0\u00bbleft\u00a0\u00bb background_image_as_pattern=\u00a0\u00bbwithout_pattern\u00a0\u00bb z_index=\u00a0\u00bb\u00a0\u00bb][vc_column][vc_single_image image=\u00a0\u00bb17113&Prime; img_size=\u00a0\u00bbfull\u00a0\u00bb qode_css_animation=\u00a0\u00bb\u00a0\u00bb][\/vc_column][\/vc_row][vc_row css_animation=\u00a0\u00bb\u00a0\u00bb row_type=\u00a0\u00bbrow\u00a0\u00bb use_row_as_full_screen_section=\u00a0\u00bbno\u00a0\u00bb type=\u00a0\u00bbgrid\u00a0\u00bb angled_section=\u00a0\u00bbno\u00a0\u00bb text_align=\u00a0\u00bbleft\u00a0\u00bb background_image_as_pattern=\u00a0\u00bbwithout_pattern\u00a0\u00bb z_index=\u00a0\u00bb\u00a0\u00bb][vc_column][vc_separator type=\u00a0\u00bbtransparent\u00a0\u00bb][vc_column_text]<\/p>\n<div class=\"header\">\n<h1 class=\"p1\"><b>Collaboration exclusive\u00a0:<\/b><\/h1>\n<h1 class=\"p1\"><b>Collaboration entre Holtkamp Electronics et JK Group<\/b><\/h1>\n<\/div>\n<div class=\"news-bodytext\">\n<p>&nbsp;<\/p>\n<p class=\"p1\">En tant que fournisseur unique, nous vous proposons tout ce dont vous avez besoin pour le bon fonctionnement de vos bancs solaires. Nous sommes donc ravis d\u2019\u00eatre le partenaire commercial exclusif de l\u2019entreprise Holtkamp Electronics depuis le 1<span class=\"s1\"><sup>er<\/sup><\/span> octobre\u00a02020.<\/p>\n<p class=\"p1\">En tant que fournisseur unique, nous vous proposons tout ce dont vous avez besoin pour le bon fonctionnement de vos bancs solaires.\u00a0Nous sommes donc ravis d\u2019\u00eatre le partenaire commercial exclusif de l\u2019entreprise Holtkamp Electronics depuis le 1<span class=\"s1\"><sup>er<\/sup><\/span> octobre\u00a02020.<\/p>\n<p class=\"p1\">Holtkamp Electronics est l\u2019un des pionniers du d\u00e9veloppement de syst\u00e8mes de paiement tels que les machines \u00e0 pi\u00e8ces, les syst\u00e8mes de commande des studios, les syst\u00e8mes \u00e0 cartes \u00e0 puce et les syst\u00e8mes de contr\u00f4le des acc\u00e8s. Holtkamp est, gr\u00e2ce \u00e0 une multitude de solutions novatrices, un v\u00e9ritable leader technologique dans notre secteur. Le haut niveau d\u2019int\u00e9gration verticale et de comp\u00e9tences des plus de 45\u00a0collaborateurs garantit un d\u00e9veloppement r\u00e9gulier, vous \u00eates ainsi toujours pr\u00e9par\u00e9 de mani\u00e8re optimale aux nouvelles tendances et aux \u00e9ventuelles modifications l\u00e9gales futures.\u00a0Le catalogue de produits de l\u2019entreprise Holtkamp Electronics offre une vue d\u2019ensemble des solutions pour les studios de bronzage et les studios de fitness. Nous vous conseillons volontiers sur la mani\u00e8re dont vous pouvez les utiliser au mieux dans votre studio.<\/p>\n<p class=\"p1\">Vous trouverez <a href=\"https:\/\/ergoline.nl\/wp-content\/uploads\/2022\/06\/Holtkamp_new_EN.pdf\"><span class=\"s2\">ici<\/span><\/a> les informations officielles au sujet de la collaboration entre Holtkamp Electronics et JK Group.<br \/>\n<span class=\"s2\"><b>Vous pouvez t\u00e9l\u00e9charger ici le catalogue de produits.<\/b><\/span><\/p>\n<\/div>\n<p>[\/vc_column_text][vc_separator type=\u00a0\u00bbtransparent\u00a0\u00bb][vc_separator type=\u00a0\u00bbtransparent\u00a0\u00bb][\/vc_column][\/vc_row]<\/p>\n","protected":false},"excerpt":{"rendered":"<p>[vc_row css_animation=\u00a0\u00bb\u00a0\u00bb row_type=\u00a0\u00bbrow\u00a0\u00bb use_row_as_full_screen_section=\u00a0\u00bbno\u00a0\u00bb type=\u00a0\u00bbgrid\u00a0\u00bb angled_section=\u00a0\u00bbno\u00a0\u00bb text_align=\u00a0\u00bbleft\u00a0\u00bb background_image_as_pattern=\u00a0\u00bbwithout_pattern\u00a0\u00bb z_index=\u00a0\u00bb\u00a0\u00bb][vc_column][vc_single_image image=\u00a0\u00bb17113&Prime; img_size=\u00a0\u00bbfull\u00a0\u00bb qode_css_animation=\u00a0\u00bb\u00a0\u00bb][\/vc_column][\/vc_row][vc_row css_animation=\u00a0\u00bb\u00a0\u00bb row_type=\u00a0\u00bbrow\u00a0\u00bb use_row_as_full_screen_section=\u00a0\u00bbno\u00a0\u00bb type=\u00a0\u00bbgrid\u00a0\u00bb angled_section=\u00a0\u00bbno\u00a0\u00bb text_align=\u00a0\u00bbleft\u00a0\u00bb background_image_as_pattern=\u00a0\u00bbwithout_pattern\u00a0\u00bb z_index=\u00a0\u00bb\u00a0\u00bb][vc_column][vc_separator type=\u00a0\u00bbtransparent\u00a0\u00bb][vc_column_text] Collaboration exclusive\u00a0: Collaboration entre Holtkamp Electronics et JK Group &nbsp; En tant que fournisseur unique, nous vous proposons tout ce dont vous avez besoin&#8230;<\/p>\n","protected":false},"author":2,"featured_media":0,"parent":16742,"menu_order":0,"comment_status":"closed","ping_status":"closed","template":"","meta":{"footnotes":""},"class_list":["post-16815","page","type-page","status-publish","hentry"],"_links":{"self":[{"href":"https:\/\/ergoline.nl\/fr\/wp-json\/wp\/v2\/pages\/16815","targetHints":{"allow":["GET"]}}],"collection":[{"href":"https:\/\/ergoline.nl\/fr\/wp-json\/wp\/v2\/pages"}],"about":[{"href":"https:\/\/ergoline.nl\/fr\/wp-json\/wp\/v2\/types\/page"}],"author":[{"embeddable":true,"href":"https:\/\/ergoline.nl\/fr\/wp-json\/wp\/v2\/users\/2"}],"replies":[{"embeddable":true,"href":"https:\/\/ergoline.nl\/fr\/wp-json\/wp\/v2\/comments?post=16815"}],"version-history":[{"count":4,"href":"https:\/\/ergoline.nl\/fr\/wp-json\/wp\/v2\/pages\/16815\/revisions"}],"predecessor-version":[{"id":17116,"href":"https:\/\/ergoline.nl\/fr\/wp-json\/wp\/v2\/pages\/16815\/revisions\/17116"}],"up":[{"embeddable":true,"href":"https:\/\/ergoline.nl\/fr\/wp-json\/wp\/v2\/pages\/16742"}],"wp:attachment":[{"href":"https:\/\/ergoline.nl\/fr\/wp-json\/wp\/v2\/media?parent=16815"}],"curies":[{"name":"wp","href":"https:\/\/api.w.org\/{rel}","templated":true}]}}