{"id":16750,"date":"2022-05-03T13:41:21","date_gmt":"2022-05-03T13:41:21","guid":{"rendered":"https:\/\/fr-erg.pucoo.nl\/news\/open-days-copy-copy\/"},"modified":"2022-09-30T11:08:37","modified_gmt":"2022-09-30T11:08:37","slug":"pure-air-inside","status":"publish","type":"page","link":"https:\/\/ergoline.nl\/fr\/news\/pure-air-inside\/","title":{"rendered":"PURE AIR INSIDE"},"content":{"rendered":"<p>[vc_row css_animation=\u00a0\u00bb\u00a0\u00bb row_type=\u00a0\u00bbrow\u00a0\u00bb use_row_as_full_screen_section=\u00a0\u00bbno\u00a0\u00bb type=\u00a0\u00bbgrid\u00a0\u00bb angled_section=\u00a0\u00bbno\u00a0\u00bb text_align=\u00a0\u00bbleft\u00a0\u00bb background_image_as_pattern=\u00a0\u00bbwithout_pattern\u00a0\u00bb z_index=\u00a0\u00bb\u00a0\u00bb][vc_column][vc_single_image image=\u00a0\u00bb16784&Prime; img_size=\u00a0\u00bbfull\u00a0\u00bb qode_css_animation=\u00a0\u00bb\u00a0\u00bb][\/vc_column][\/vc_row][vc_row css_animation=\u00a0\u00bb\u00a0\u00bb row_type=\u00a0\u00bbrow\u00a0\u00bb use_row_as_full_screen_section=\u00a0\u00bbno\u00a0\u00bb type=\u00a0\u00bbgrid\u00a0\u00bb angled_section=\u00a0\u00bbno\u00a0\u00bb text_align=\u00a0\u00bbleft\u00a0\u00bb background_image_as_pattern=\u00a0\u00bbwithout_pattern\u00a0\u00bb z_index=\u00a0\u00bb\u00a0\u00bb][vc_column][vc_separator type=\u00a0\u00bbtransparent\u00a0\u00bb][vc_column_text]<\/p>\n<div class=\"header\">\n<h1 class=\"p1\"><b>Exclusivit\u00e9 Ergoline\u00a0:<br \/>\nPURE AIR INSIDE<\/b><\/h1>\n<p>&nbsp;<\/p>\n<\/div>\n<p class=\"p1\"><strong>Exclusivit\u00e9 Ergoline\u00a0: hygi\u00e8ne de l\u2019air par UVC avec pure. Pour un air plus pur et une s\u00e9curit\u00e9 accrue lors de l\u2019exposition.<\/strong><\/p>\n<p>&nbsp;<\/p>\n<p class=\"p3\">L\u2019air pur n\u2019a pas de couleur, de go\u00fbt ou d\u2019odeur, il est cependant tr\u00e8s important pour notre sant\u00e9. \u00a0L\u2019air pollu\u00e9 par des virus, des bact\u00e9ries ou des spores de moisissures peut entra\u00eener des maladies.<\/p>\n<p class=\"p3\">Les mod\u00e8les les plus performants de la marque Ergoline proposent d\u00e9sormais la technologie Pure Air Inside.\u00a0Celle-ci est bas\u00e9e sur la technologie UVC m\u00e9dicale et neutralise les virus et les micro-organismes directement depuis le flux d\u2019air de la ventilation \u00e0 trois zones des bancs solaires Ergoline Prestige. Une lumi\u00e8re UVC de 254\u00a0nanom\u00e8tres bloque l\u2019ADN ou l\u2019ARN des virus et des micro-organismes. Ce blocage de la thymine permet de stopper la division cellulaire, les virus et les micro-organismes deviennent alors inoffensifs. Ils ne peuvent plus se multiplier et ne sont plus transmissibles.<\/p>\n<p class=\"p3\">Pour un air plus pur et une meilleure exp\u00e9rience de bronzage.<\/p>\n<p class=\"p3\">DISPONIBLE EN OPTION AVEC LES MOD\u00c8LES LES PLUS PERFORMANTS DE LA MARQUE ERGOLINE.<br \/>\nSur demande, les mod\u00e8les les plus performants de la marque Ergoline peuvent \u00eatre \u00e9quip\u00e9s de la technologie Pure Air Inside, pour un air particuli\u00e8rement pur. Cette technologie UVC m\u00e9dicale neutralise les virus et les micro-organismes directement depuis le flux d\u2019air de la ventilation \u00e0 trois zones.<\/p>\n<p>[\/vc_column_text][vc_separator type=\u00a0\u00bbtransparent\u00a0\u00bb][vc_separator type=\u00a0\u00bbtransparent\u00a0\u00bb][\/vc_column][\/vc_row]<\/p>\n","protected":false},"excerpt":{"rendered":"<p>[vc_row css_animation=\u00a0\u00bb\u00a0\u00bb row_type=\u00a0\u00bbrow\u00a0\u00bb use_row_as_full_screen_section=\u00a0\u00bbno\u00a0\u00bb type=\u00a0\u00bbgrid\u00a0\u00bb angled_section=\u00a0\u00bbno\u00a0\u00bb text_align=\u00a0\u00bbleft\u00a0\u00bb background_image_as_pattern=\u00a0\u00bbwithout_pattern\u00a0\u00bb z_index=\u00a0\u00bb\u00a0\u00bb][vc_column][vc_single_image image=\u00a0\u00bb16784&Prime; img_size=\u00a0\u00bbfull\u00a0\u00bb qode_css_animation=\u00a0\u00bb\u00a0\u00bb][\/vc_column][\/vc_row][vc_row css_animation=\u00a0\u00bb\u00a0\u00bb row_type=\u00a0\u00bbrow\u00a0\u00bb use_row_as_full_screen_section=\u00a0\u00bbno\u00a0\u00bb type=\u00a0\u00bbgrid\u00a0\u00bb angled_section=\u00a0\u00bbno\u00a0\u00bb text_align=\u00a0\u00bbleft\u00a0\u00bb background_image_as_pattern=\u00a0\u00bbwithout_pattern\u00a0\u00bb z_index=\u00a0\u00bb\u00a0\u00bb][vc_column][vc_separator type=\u00a0\u00bbtransparent\u00a0\u00bb][vc_column_text] Exclusivit\u00e9 Ergoline\u00a0: PURE AIR INSIDE &nbsp; Exclusivit\u00e9 Ergoline\u00a0: hygi\u00e8ne de l\u2019air par UVC avec pure. Pour un air plus pur et une s\u00e9curit\u00e9 accrue&#8230;<\/p>\n","protected":false},"author":2,"featured_media":0,"parent":16742,"menu_order":0,"comment_status":"closed","ping_status":"closed","template":"","meta":{"footnotes":""},"class_list":["post-16750","page","type-page","status-publish","hentry"],"_links":{"self":[{"href":"https:\/\/ergoline.nl\/fr\/wp-json\/wp\/v2\/pages\/16750","targetHints":{"allow":["GET"]}}],"collection":[{"href":"https:\/\/ergoline.nl\/fr\/wp-json\/wp\/v2\/pages"}],"about":[{"href":"https:\/\/ergoline.nl\/fr\/wp-json\/wp\/v2\/types\/page"}],"author":[{"embeddable":true,"href":"https:\/\/ergoline.nl\/fr\/wp-json\/wp\/v2\/users\/2"}],"replies":[{"embeddable":true,"href":"https:\/\/ergoline.nl\/fr\/wp-json\/wp\/v2\/comments?post=16750"}],"version-history":[{"count":4,"href":"https:\/\/ergoline.nl\/fr\/wp-json\/wp\/v2\/pages\/16750\/revisions"}],"predecessor-version":[{"id":17112,"href":"https:\/\/ergoline.nl\/fr\/wp-json\/wp\/v2\/pages\/16750\/revisions\/17112"}],"up":[{"embeddable":true,"href":"https:\/\/ergoline.nl\/fr\/wp-json\/wp\/v2\/pages\/16742"}],"wp:attachment":[{"href":"https:\/\/ergoline.nl\/fr\/wp-json\/wp\/v2\/media?parent=16750"}],"curies":[{"name":"wp","href":"https:\/\/api.w.org\/{rel}","templated":true}]}}