{"id":16749,"date":"2022-05-03T13:41:15","date_gmt":"2022-05-03T13:41:15","guid":{"rendered":"https:\/\/fr-erg.pucoo.nl\/news\/open-days-copy\/"},"modified":"2022-05-04T13:45:13","modified_gmt":"2022-05-04T13:45:13","slug":"uvsv-schulung","status":"publish","type":"page","link":"https:\/\/ergoline.nl\/fr\/news\/uvsv-schulung\/","title":{"rendered":"UVSV-SCHULUNG"},"content":{"rendered":"<p>[vc_row css_animation=\u00a0\u00bb\u00a0\u00bb row_type=\u00a0\u00bbrow\u00a0\u00bb use_row_as_full_screen_section=\u00a0\u00bbno\u00a0\u00bb type=\u00a0\u00bbgrid\u00a0\u00bb angled_section=\u00a0\u00bbno\u00a0\u00bb text_align=\u00a0\u00bbleft\u00a0\u00bb background_image_as_pattern=\u00a0\u00bbwithout_pattern\u00a0\u00bb z_index=\u00a0\u00bb\u00a0\u00bb][vc_column][vc_single_image image=\u00a0\u00bb16780&Prime; img_size=\u00a0\u00bbfull\u00a0\u00bb qode_css_animation=\u00a0\u00bb\u00a0\u00bb][\/vc_column][\/vc_row][vc_row css_animation=\u00a0\u00bb\u00a0\u00bb row_type=\u00a0\u00bbrow\u00a0\u00bb use_row_as_full_screen_section=\u00a0\u00bbno\u00a0\u00bb type=\u00a0\u00bbgrid\u00a0\u00bb angled_section=\u00a0\u00bbno\u00a0\u00bb text_align=\u00a0\u00bbleft\u00a0\u00bb background_image_as_pattern=\u00a0\u00bbwithout_pattern\u00a0\u00bb z_index=\u00a0\u00bb\u00a0\u00bb][vc_column][vc_separator type=\u00a0\u00bbtransparent\u00a0\u00bb][vc_column_text]<\/p>\n<div class=\"header\">\n<h1 class=\"news-headline news-headline__subtitle\">Neue Termine:<\/h1>\n<h1 class=\"news-headline news-headline__title\"><strong>UVSV-SCHULUNG<\/strong><\/h1>\n<p>&nbsp;<\/p>\n<\/div>\n<div class=\"news-bodytext\">\n<h4>Es gibt neue Termine f\u00fcr die gesetzlich vorgeschriebene UVSV-Schulung. Als Kunde von Ergoline erhalten Sie 10 % Rabatt auf die Lehrgangsgeb\u00fchren.<\/h4>\n<p>&nbsp;<\/p>\n<p>Im Windhagener Info-Center finden regelm\u00e4\u00dfig Schulungen der BSA-Akademie zur gesetzlich vorgeschriebenen Schulung \u201eFachkraft UVSV\u201c statt. Als Kunde von Ergoline erhalten Sie 10 % Rabatt auf die Schulungsgeb\u00fchren.<\/p>\n<p>Wir freuen uns, Ihnen in Kooperation mit der BSA-Akademie Schulungstermine f\u00fcr die gesetzlich vorgeschriebene UVSV-Schulung Ihrer Mitarbeiter anbieten zu k\u00f6nnen. Im Rahmen der Inhouse-Schulung kann sowohl die Erstzertifizierung als auch die Rezertifizierung zur \u201eFachkraft UVSV\u201c absolviert werden. Als Fernlehrgang ist die Pr\u00e4senzphase im Ergoline Info-Center auf einen Tag verk\u00fcrzt.<\/p>\n<p><strong>N\u00e4chster Termine zur Erst- und Rezertifizierung: 19.03.22 &amp; 17.09.22\u00a0<\/strong><br \/>\n<a href=\"https:\/\/www.ergoline.de\/fileadmin\/user_upload\/Anmeldeformular_UVSV-Schulung.pdf\">Download Anmeldeformular<\/a><\/p>\n<p>Das ausgef\u00fcllte Anmeldeformular k\u00f6nnen Sie direkt an die BSA-Akademie (info@bsa-akademie.de) senden. Sobald die Anmeldung bei der BSA-Akademie eingegangen ist, erhalten Sie die Einladung zur Pr\u00e4senzphase, den Zugang zum Lernmaterial und weitere Informationen zum Lehrgang.<\/p>\n<p>Der Lehrgang bereitet auf die Zertifizierung gem\u00e4\u00df der UV-Schutz-Verordnung (UVSV) vor und erm\u00f6glicht den Teilnehmern damit, die gesetzlichen Vorgaben zu erf\u00fcllen. Durch die Qualifikation \u201eFachkraft UVSV\u201c erwerben sie die Kompetenzen, um eigenst\u00e4ndig ein fachlich korrektes Beratungsgespr\u00e4ch im Bereich UV-Schutz zu f\u00fchren und auf Kundenfragen zur UV-Bestrahlung sowie zu den damit verbundenen gesundheitlichen Wirkungen und Risiken zu antworten. Sie sind in der Lage, das erworbene Wissen mit eigenen Worten wiederzugeben\u00a0und verf\u00fcgen \u00fcber eine umfassende Qualifikation zur Beratung zum Thema UV-Schutz.<\/p>\n<p>Hinweis zur Rezertifizierung: Die Rezertifizierung ist fr\u00fchestens 6 Monate bis sp\u00e4testens einen Tag vor Ablauf des g\u00fcltigen Zertifikates zu absolvieren. Bitte reichen Sie bei der Antragstellung zur Rezertifizierung eine Kopie des g\u00fcltigen Zertifikates ein.<\/p>\n<p><strong>Weitere Informationen zum Lehrgang \u201eFachkraft UVSV\u201c finden Sie auf der Website der BSA-Akademie. Bei weiteren Fragen steht Ihnen Herr Werner von der BSA-Akademie gerne zur Verf\u00fcgung: E-Mail: j-werner@dhfpg-bsa.de \/ Telefon: 0681 6855 253<\/strong><\/p>\n<\/div>\n<p>[\/vc_column_text][vc_separator type=\u00a0\u00bbtransparent\u00a0\u00bb][vc_separator type=\u00a0\u00bbtransparent\u00a0\u00bb][\/vc_column][\/vc_row]<\/p>\n","protected":false},"excerpt":{"rendered":"<p>[vc_row css_animation=\u00a0\u00bb\u00a0\u00bb row_type=\u00a0\u00bbrow\u00a0\u00bb use_row_as_full_screen_section=\u00a0\u00bbno\u00a0\u00bb type=\u00a0\u00bbgrid\u00a0\u00bb angled_section=\u00a0\u00bbno\u00a0\u00bb text_align=\u00a0\u00bbleft\u00a0\u00bb background_image_as_pattern=\u00a0\u00bbwithout_pattern\u00a0\u00bb z_index=\u00a0\u00bb\u00a0\u00bb][vc_column][vc_single_image image=\u00a0\u00bb16780&Prime; img_size=\u00a0\u00bbfull\u00a0\u00bb qode_css_animation=\u00a0\u00bb\u00a0\u00bb][\/vc_column][\/vc_row][vc_row css_animation=\u00a0\u00bb\u00a0\u00bb row_type=\u00a0\u00bbrow\u00a0\u00bb use_row_as_full_screen_section=\u00a0\u00bbno\u00a0\u00bb type=\u00a0\u00bbgrid\u00a0\u00bb angled_section=\u00a0\u00bbno\u00a0\u00bb text_align=\u00a0\u00bbleft\u00a0\u00bb background_image_as_pattern=\u00a0\u00bbwithout_pattern\u00a0\u00bb z_index=\u00a0\u00bb\u00a0\u00bb][vc_column][vc_separator type=\u00a0\u00bbtransparent\u00a0\u00bb][vc_column_text] Neue Termine: UVSV-SCHULUNG &nbsp; Es gibt neue Termine f\u00fcr die gesetzlich vorgeschriebene UVSV-Schulung. Als Kunde von Ergoline erhalten Sie 10 % Rabatt auf die&#8230;<\/p>\n","protected":false},"author":2,"featured_media":0,"parent":16742,"menu_order":0,"comment_status":"closed","ping_status":"closed","template":"","meta":{"footnotes":""},"class_list":["post-16749","page","type-page","status-publish","hentry"],"_links":{"self":[{"href":"https:\/\/ergoline.nl\/fr\/wp-json\/wp\/v2\/pages\/16749","targetHints":{"allow":["GET"]}}],"collection":[{"href":"https:\/\/ergoline.nl\/fr\/wp-json\/wp\/v2\/pages"}],"about":[{"href":"https:\/\/ergoline.nl\/fr\/wp-json\/wp\/v2\/types\/page"}],"author":[{"embeddable":true,"href":"https:\/\/ergoline.nl\/fr\/wp-json\/wp\/v2\/users\/2"}],"replies":[{"embeddable":true,"href":"https:\/\/ergoline.nl\/fr\/wp-json\/wp\/v2\/comments?post=16749"}],"version-history":[{"count":4,"href":"https:\/\/ergoline.nl\/fr\/wp-json\/wp\/v2\/pages\/16749\/revisions"}],"predecessor-version":[{"id":16783,"href":"https:\/\/ergoline.nl\/fr\/wp-json\/wp\/v2\/pages\/16749\/revisions\/16783"}],"up":[{"embeddable":true,"href":"https:\/\/ergoline.nl\/fr\/wp-json\/wp\/v2\/pages\/16742"}],"wp:attachment":[{"href":"https:\/\/ergoline.nl\/fr\/wp-json\/wp\/v2\/media?parent=16749"}],"curies":[{"name":"wp","href":"https:\/\/api.w.org\/{rel}","templated":true}]}}