{"id":16436,"date":"2021-09-21T09:54:21","date_gmt":"2021-09-21T09:54:21","guid":{"rendered":"https:\/\/fr-erg.pucoo.nl\/produkte\/sunrise-7200-copy\/"},"modified":"2022-09-28T13:40:01","modified_gmt":"2022-09-28T13:40:01","slug":"sunrise-6200","status":"publish","type":"page","link":"https:\/\/ergoline.nl\/fr\/produkte\/sunrise-6200\/","title":{"rendered":"Sunrise 6200"},"content":{"rendered":"<div class=\"wpb-content-wrapper\"><p>[vc_row css_animation=&#8221;&#8221; row_type=&#8221;row&#8221; use_row_as_full_screen_section=&#8221;no&#8221; type=&#8221;grid&#8221; angled_section=&#8221;no&#8221; text_align=&#8221;left&#8221; background_image_as_pattern=&#8221;without_pattern&#8221; z_index=&#8221;&#8221;][vc_column][vc_single_image image=&#8221;16438&#8243; img_size=&#8221;full&#8221; alignment=&#8221;center&#8221; qode_css_animation=&#8221;&#8221;][\/vc_column][\/vc_row][vc_row css_animation=&#8221;&#8221; row_type=&#8221;row&#8221; use_row_as_full_screen_section=&#8221;no&#8221; type=&#8221;grid&#8221; angled_section=&#8221;no&#8221; text_align=&#8221;left&#8221; background_image_as_pattern=&#8221;without_pattern&#8221; z_index=&#8221;&#8221;][vc_column][vc_separator type=&#8221;transparent&#8221;][vc_separator type=&#8221;transparent&#8221;][vc_column_text]<\/p>\n<h4><span lang=\"FR\">Avec Vibra Shape, la s\u00e9ance de bronzage devient une s\u00e9ance de fitness. Vibra Shape simule 20\u00a0000\u00a0pas en seulement dix minutes\u00a0! L\u2019entra\u00eenement par vibrations a un certain nombre d\u2019effets positifs. Il contribue au d\u00e9veloppement musculaire, stimule la combustion des graisses, resserre le tissu conjonctif et favorise la mobilit\u00e9 et la coordination du corps.<\/span><\/h4>\n<p>[\/vc_column_text][vc_separator type=&#8221;transparent&#8221;][vc_column_text]<span lang=\"FR\">Le meilleur apport en oxyg\u00e8ne \u00e0 la peau intensifie \u00e9galement l\u2019effet bronzant. Le choix entre quatre programmes d\u2019entra\u00eenement et les vibrations douces pour les articulations et avec des mouvements lat\u00e9raux altern\u00e9s de Vibra Shape en font l\u2019entra\u00eenement id\u00e9al. Faites du banc solaire Sunrise votre entra\u00eeneur personnel dans un environnement 100\u00a0% priv\u00e9.<\/span>[\/vc_column_text][vc_separator type=&#8221;transparent&#8221;][vc_separator type=&#8221;transparent&#8221;][vc_separator type=&#8221;transparent&#8221;][\/vc_column][\/vc_row][vc_row css_animation=&#8221;&#8221; row_type=&#8221;row&#8221; use_row_as_full_screen_section=&#8221;no&#8221; type=&#8221;grid&#8221; angled_section=&#8221;no&#8221; text_align=&#8221;left&#8221; background_image_as_pattern=&#8221;without_pattern&#8221; z_index=&#8221;&#8221;][vc_column css=&#8221;.vc_custom_1655216282142{padding-right: 40px !important;padding-left: 40px !important;background-color: #f5f5f5 !important;}&#8221;][vc_tabs style=&#8221;boxed&#8221;][vc_tab title=&#8221;UV-Technologie&#8221; tab_id=&#8221;021c47f3-9534-2&#8243;][vc_row_inner row_type=&#8221;row&#8221; type=&#8221;full_width&#8221; text_align=&#8221;left&#8221; css_animation=&#8221;&#8221;][vc_column_inner][vc_separator type=&#8221;transparent&#8221;][vc_column_text]<\/p>\n<h2>UV-Technologie<\/h2>\n<p>[\/vc_column_text][\/vc_column_inner][\/vc_row_inner][vc_row_inner row_type=&#8221;row&#8221; type=&#8221;full_width&#8221; text_align=&#8221;left&#8221; css_animation=&#8221;&#8221;][vc_column_inner width=&#8221;1\/2&#8243;][vc_empty_space][vc_column_text]La technologie Smart Performance, avec des ballasts \u00e9lectroniques statiques, garantit des performances de bronzage exceptionnelles. De plus, la consommation d\u2019\u00e9nergie est r\u00e9duite d\u2019environ 20\u00a0%.[\/vc_column_text][\/vc_column_inner][vc_column_inner width=&#8221;1\/2&#8243;][vc_empty_space][vc_column_text]<\/p>\n<ul>\n<li>La technologie Smart Performance, avec des ballasts \u00e9lectroniques statiques, garantit des performances de bronzage exceptionnelles. De plus, la consommation d\u2019\u00e9nergie est r\u00e9duite d\u2019environ 20\u00a0%.<\/li>\n<li>48\u00a0lampes UV Trend Advanced<\/li>\n<li>Smart Performance (180\u00a0W)<\/li>\n<li>Longueur des lampes\u00a0: 2\u00a0m\u00e8tres<\/li>\n<\/ul>\n<p>*Puissance maximale (la puissance maximale est adapt\u00e9e \u00e0 la l\u00e9gislation du pays concern\u00e9)[\/vc_column_text][\/vc_column_inner][\/vc_row_inner][\/vc_tab][vc_tab title=&#8221;Entra\u00eenement de fitness&#8221; tab_id=&#8221;1653999873619-1-4&#8243;][vc_row_inner row_type=&#8221;row&#8221; type=&#8221;full_width&#8221; text_align=&#8221;left&#8221; css_animation=&#8221;&#8221;][vc_column_inner][vc_separator type=&#8221;transparent&#8221;][vc_column_text]<\/p>\n<h2>Entra\u00eenement de fitness<\/h2>\n<p>[\/vc_column_text][\/vc_column_inner][\/vc_row_inner][vc_row_inner row_type=&#8221;row&#8221; type=&#8221;full_width&#8221; text_align=&#8221;left&#8221; css_animation=&#8221;&#8221;][vc_column_inner width=&#8221;1\/2&#8243;][vc_empty_space][vc_column_text]Avec Vibra Shape, la s\u00e9ance de bronzage devient une s\u00e9ance de fitness. Les vibrations avec des mouvements lat\u00e9raux altern\u00e9s de la plaque Vibra Shape ont un certain nombre d\u2019effets positifs. Elles contribuent au d\u00e9veloppement musculaire, stimulent la combustion des graisses, resserrent le tissu conjonctif et favorisent la mobilit\u00e9 et la coordination du corps.\u00a0Le meilleur apport en oxyg\u00e8ne \u00e0 la peau intensifie \u00e9galement l\u2019effet bronzant.\u00a0Le choix entre quatre programmes d\u2019entra\u00eenement et les vibrations douces pour les articulations de Vibra Shape en font l\u2019entra\u00eenement id\u00e9al, m\u00eame pour les utilisateurs plus \u00e2g\u00e9s.\u00a0Faites du banc solaire Sunrise votre entra\u00eeneur personnel dans un environnement 100\u00a0% priv\u00e9.[\/vc_column_text][\/vc_column_inner][vc_column_inner width=&#8221;1\/2&#8243;][vc_empty_space][vc_column_text]<\/p>\n<ul>\n<li>Entra\u00eenement par vibrations Vibra Shape brevet\u00e9<\/li>\n<li>Quatre programmes d\u2019entra\u00eenement<\/li>\n<li>Vibrations avec des mouvements lat\u00e9raux altern\u00e9s<\/li>\n<\/ul>\n<p>[\/vc_column_text][\/vc_column_inner][\/vc_row_inner][\/vc_tab][vc_tab title=&#8221;Confort&#8221; tab_id=&#8221;1653999917497-2-8&#8243;][vc_row_inner row_type=&#8221;row&#8221; type=&#8221;full_width&#8221; text_align=&#8221;left&#8221; css_animation=&#8221;&#8221;][vc_column_inner][vc_separator type=&#8221;transparent&#8221;][vc_column_text]<\/p>\n<h2>Confort<\/h2>\n<p>[\/vc_column_text][\/vc_column_inner][\/vc_row_inner][vc_row_inner row_type=&#8221;row&#8221; type=&#8221;full_width&#8221; text_align=&#8221;left&#8221; css_animation=&#8221;&#8221;][vc_column_inner width=&#8221;1\/2&#8243;][vc_empty_space][vc_column_text]<\/p>\n<ul>\n<li>Connexion Bluetooth<sup>\u00ae<\/sup><\/li>\n<li>Surround Cooling PLUS<\/li>\n<li>Syst\u00e8me Aroma<\/li>\n<li>Son en 3D avec Voice Guide, connexion MP3, lecture automatique et volume automatique<\/li>\n<li><\/li>\n<\/ul>\n<p>[\/vc_column_text][\/vc_column_inner][vc_column_inner width=&#8221;1\/2&#8243;][vc_empty_space][\/vc_column_inner][\/vc_row_inner][\/vc_tab][\/vc_tabs][vc_separator type=&#8221;transparent&#8221;][vc_separator type=&#8221;transparent&#8221;][vc_separator type=&#8221;transparent&#8221;][\/vc_column][\/vc_row][vc_row css_animation=&#8221;&#8221; row_type=&#8221;row&#8221; use_row_as_full_screen_section=&#8221;no&#8221; type=&#8221;grid&#8221; angled_section=&#8221;no&#8221; text_align=&#8221;left&#8221; background_image_as_pattern=&#8221;without_pattern&#8221; z_index=&#8221;&#8221;][vc_column][vc_separator type=&#8221;transparent&#8221;][vc_separator type=&#8221;transparent&#8221;][vc_separator type=&#8221;transparent&#8221;][vc_single_image image=&#8221;16433&#8243; img_size=&#8221;full&#8221; qode_css_animation=&#8221;&#8221;][vc_separator type=&#8221;transparent&#8221;][vc_separator type=&#8221;transparent&#8221;][vc_separator type=&#8221;transparent&#8221;][\/vc_column][\/vc_row][vc_row row_type=&#8221;expandable&#8221; text_align=&#8221;left&#8221; css=&#8221;.vc_custom_1653999973525{padding-right: 40px !important;padding-left: 40px !important;}&#8221; color=&#8221;#000000&#8243; hover_color=&#8221;#000000&#8243; more_button_label=&#8221;Caract\u00e9ristiques techniques&#8221; less_button_label=&#8221;FERMER&#8221;][vc_column width=&#8221;2\/3&#8243;][vc_column_text]<\/p>\n<h2><strong>Caract\u00e9ristiques techniques<\/strong><\/h2>\n<p>[\/vc_column_text][vc_separator type=&#8221;normal&#8221;][vc_separator type=&#8221;transparent&#8221;][vc_row_inner row_type=&#8221;row&#8221; type=&#8221;full_width&#8221; text_align=&#8221;left&#8221; css_animation=&#8221;&#8221;][vc_column_inner width=&#8221;1\/2&#8243;][vc_column_text]<\/p>\n<div class=\"product-details__detail\">\n<h5 class=\"product-details__detail\">Dimensions du produit<\/h5>\n<h5><span class=\"product-details__subdetail\">(longueur x largeur x hauteur en cm)<\/span><\/h5>\n<\/div>\n<p>[\/vc_column_text][\/vc_column_inner][vc_column_inner width=&#8221;1\/2&#8243;][vc_column_text]<strong>Banc ferm\u00e9<\/strong><br \/>\n124 x 145 x 231<\/p>\n<p><strong>Banc ouvert<\/strong><br \/>\n144 x 145 x 231[\/vc_column_text][\/vc_column_inner][\/vc_row_inner][vc_row_inner row_type=&#8221;row&#8221; type=&#8221;full_width&#8221; text_align=&#8221;left&#8221; css_animation=&#8221;&#8221;][vc_column_inner][vc_separator type=&#8221;transparent&#8221;][vc_separator type=&#8221;normal&#8221;][vc_separator type=&#8221;transparent&#8221;][\/vc_column_inner][\/vc_row_inner][vc_row_inner row_type=&#8221;row&#8221; type=&#8221;full_width&#8221; text_align=&#8221;left&#8221; css_animation=&#8221;&#8221;][vc_column_inner width=&#8221;1\/2&#8243;][vc_column_text]<\/p>\n<div class=\"product-details__detail\">\n<h5 class=\"product-details__detail\">(longueur x largeur en cm)<\/h5>\n<h5><span class=\"product-details__subdetail\">(L x B in cm)<\/span><\/h5>\n<\/div>\n<p>[\/vc_column_text][\/vc_column_inner][vc_column_inner width=&#8221;1\/2&#8243;][vc_column_text]213 x 215 x 240[\/vc_column_text][\/vc_column_inner][\/vc_row_inner][vc_row_inner row_type=&#8221;row&#8221; type=&#8221;full_width&#8221; text_align=&#8221;left&#8221; css_animation=&#8221;&#8221;][vc_column_inner][vc_separator type=&#8221;transparent&#8221;][vc_separator type=&#8221;normal&#8221;][vc_separator type=&#8221;transparent&#8221;][\/vc_column_inner][\/vc_row_inner][vc_row_inner row_type=&#8221;row&#8221; type=&#8221;full_width&#8221; text_align=&#8221;left&#8221; css_animation=&#8221;&#8221;][vc_column_inner width=&#8221;1\/2&#8243;][vc_column_text]<\/p>\n<h5 class=\"product-details__detail\">Puissance totale maximale avec raccordement secteur 400\/415 V 3 N<\/h5>\n<p>[\/vc_column_text][\/vc_column_inner][vc_column_inner width=&#8221;1\/2&#8243;][vc_column_text]8.200 W[\/vc_column_text][\/vc_column_inner][\/vc_row_inner][vc_row_inner row_type=&#8221;row&#8221; type=&#8221;full_width&#8221; text_align=&#8221;left&#8221; css_animation=&#8221;&#8221;][vc_column_inner][vc_separator type=&#8221;transparent&#8221;][vc_separator type=&#8221;normal&#8221;][vc_separator type=&#8221;transparent&#8221;][\/vc_column_inner][\/vc_row_inner][vc_row_inner row_type=&#8221;row&#8221; type=&#8221;full_width&#8221; text_align=&#8221;left&#8221; css_animation=&#8221;&#8221;][vc_column_inner width=&#8221;1\/2&#8243;][vc_column_text]<\/p>\n<div class=\"product-details__detail\">\n<h5 class=\"product-details__detail\">Fusibles<\/h5>\n<h5><span class=\"product-details__subdetail\">(lents)<\/span><\/h5>\n<\/div>\n<p>[\/vc_column_text][\/vc_column_inner][vc_column_inner width=&#8221;1\/2&#8243;][vc_column_text]3 x 25 A[\/vc_column_text][\/vc_column_inner][\/vc_row_inner][vc_row_inner row_type=&#8221;row&#8221; type=&#8221;full_width&#8221; text_align=&#8221;left&#8221; css_animation=&#8221;&#8221;][vc_column_inner][vc_separator type=&#8221;transparent&#8221;][vc_separator type=&#8221;normal&#8221;][vc_separator type=&#8221;transparent&#8221;][\/vc_column_inner][\/vc_row_inner][vc_row_inner row_type=&#8221;row&#8221; type=&#8221;full_width&#8221; text_align=&#8221;left&#8221; css_animation=&#8221;&#8221;][vc_column_inner width=&#8221;1\/2&#8243;][vc_column_text]<\/p>\n<h5 class=\"product-details__detail\">Poids<\/h5>\n<p>[\/vc_column_text][\/vc_column_inner][vc_column_inner width=&#8221;1\/2&#8243;][vc_column_text]400 kg (incl. Vibra Shape 413kg)[\/vc_column_text][\/vc_column_inner][\/vc_row_inner][vc_row_inner row_type=&#8221;row&#8221; type=&#8221;full_width&#8221; text_align=&#8221;left&#8221; css_animation=&#8221;&#8221;][vc_column_inner][vc_separator type=&#8221;transparent&#8221;][vc_separator type=&#8221;normal&#8221;][vc_separator type=&#8221;transparent&#8221;][\/vc_column_inner][\/vc_row_inner][vc_row_inner row_type=&#8221;row&#8221; type=&#8221;full_width&#8221; text_align=&#8221;left&#8221; css_animation=&#8221;&#8221;][vc_column_inner width=&#8221;1\/2&#8243;][vc_column_text]<\/p>\n<h5 class=\"product-details__detail\">Informations relatives au produit<\/h5>\n<p>[\/vc_column_text][\/vc_column_inner][vc_column_inner width=&#8221;1\/2&#8243;][vc_column_text]<img decoding=\"async\" class=\"wp-image-15600 alignleft\" src=\"https:\/\/ergoline.nl\/fr\/wp-content\/uploads\/2020\/09\/Schermafbeelding-2020-09-08-om-14.06.49.png\" alt=\"\" width=\"70\" height=\"85\" \/><\/p>\n<p><span lang=\"FR\">De plus amples informations sont disponibles dans nos manuels d\u2019instructions et de planning.<\/span>[\/vc_column_text][\/vc_column_inner][\/vc_row_inner][\/vc_column][vc_column width=&#8221;1\/3&#8243;][vc_single_image image=&#8221;15751&#8243; img_size=&#8221;full&#8221; qode_css_animation=&#8221;&#8221;][\/vc_column][\/vc_row][vc_row css_animation=&#8221;&#8221; row_type=&#8221;row&#8221; use_row_as_full_screen_section=&#8221;no&#8221; type=&#8221;full_width&#8221; angled_section=&#8221;no&#8221; text_align=&#8221;left&#8221; background_image_as_pattern=&#8221;without_pattern&#8221;][vc_column][vc_empty_space height=&#8221;100px&#8221;][\/vc_column][\/vc_row][vc_row css_animation=&#8221;&#8221; row_type=&#8221;row&#8221; use_row_as_full_screen_section=&#8221;no&#8221; type=&#8221;full_width&#8221; angled_section=&#8221;no&#8221; text_align=&#8221;center&#8221; background_image_as_pattern=&#8221;without_pattern&#8221; z_index=&#8221;&#8221;][vc_column]<a  itemprop=\"url\" href=\"https:\/\/ergoline.nl\/fr\/produkte\/\" target=\"_self\" data-hover-border-color=\"#000000\" data-hover-color=\"#000000\" class=\"qbutton  default borderstyle\" style=\"color: #000000; border-color: #000000; \">Retourner \u00e0 la vue d\u2019ensemble<\/a>[\/vc_column][\/vc_row][vc_row css_animation=&#8221;&#8221; row_type=&#8221;row&#8221; use_row_as_full_screen_section=&#8221;no&#8221; type=&#8221;full_width&#8221; angled_section=&#8221;no&#8221; text_align=&#8221;left&#8221; background_image_as_pattern=&#8221;without_pattern&#8221;][vc_column][vc_empty_space height=&#8221;25px&#8221;][\/vc_column][\/vc_row]<\/p>\n<\/div>","protected":false},"excerpt":{"rendered":"<p>[vc_row css_animation=&#8221;&#8221; row_type=&#8221;row&#8221; use_row_as_full_screen_section=&#8221;no&#8221; type=&#8221;grid&#8221; angled_section=&#8221;no&#8221; text_align=&#8221;left&#8221; background_image_as_pattern=&#8221;without_pattern&#8221; z_index=&#8221;&#8221;][vc_column][vc_single_image image=&#8221;16438&#8243; img_size=&#8221;full&#8221; alignment=&#8221;center&#8221; qode_css_animation=&#8221;&#8221;][\/vc_column][\/vc_row][vc_row css_animation=&#8221;&#8221; row_type=&#8221;row&#8221; use_row_as_full_screen_section=&#8221;no&#8221; type=&#8221;grid&#8221; angled_section=&#8221;no&#8221; text_align=&#8221;left&#8221; background_image_as_pattern=&#8221;without_pattern&#8221; z_index=&#8221;&#8221;][vc_column][vc_separator type=&#8221;transparent&#8221;][vc_separator type=&#8221;transparent&#8221;][vc_column_text] Avec Vibra Shape, la s\u00e9ance de bronzage devient une s\u00e9ance de fitness. Vibra Shape simule 20\u00a0000\u00a0pas en seulement dix minutes\u00a0! L\u2019entra\u00eenement par&#8230;<\/p>\n","protected":false},"author":2,"featured_media":0,"parent":15582,"menu_order":0,"comment_status":"open","ping_status":"open","template":"full_width.php","meta":{"footnotes":""},"class_list":["post-16436","page","type-page","status-publish","hentry"],"_links":{"self":[{"href":"https:\/\/ergoline.nl\/fr\/wp-json\/wp\/v2\/pages\/16436","targetHints":{"allow":["GET"]}}],"collection":[{"href":"https:\/\/ergoline.nl\/fr\/wp-json\/wp\/v2\/pages"}],"about":[{"href":"https:\/\/ergoline.nl\/fr\/wp-json\/wp\/v2\/types\/page"}],"author":[{"embeddable":true,"href":"https:\/\/ergoline.nl\/fr\/wp-json\/wp\/v2\/users\/2"}],"replies":[{"embeddable":true,"href":"https:\/\/ergoline.nl\/fr\/wp-json\/wp\/v2\/comments?post=16436"}],"version-history":[{"count":9,"href":"https:\/\/ergoline.nl\/fr\/wp-json\/wp\/v2\/pages\/16436\/revisions"}],"predecessor-version":[{"id":17097,"href":"https:\/\/ergoline.nl\/fr\/wp-json\/wp\/v2\/pages\/16436\/revisions\/17097"}],"up":[{"embeddable":true,"href":"https:\/\/ergoline.nl\/fr\/wp-json\/wp\/v2\/pages\/15582"}],"wp:attachment":[{"href":"https:\/\/ergoline.nl\/fr\/wp-json\/wp\/v2\/media?parent=16436"}],"curies":[{"name":"wp","href":"https:\/\/api.w.org\/{rel}","templated":true}]}}