{"id":16303,"date":"2021-07-20T13:57:45","date_gmt":"2021-07-20T13:57:45","guid":{"rendered":"https:\/\/fr-erg.pucoo.nl\/marketing-copy\/"},"modified":"2022-11-08T12:49:03","modified_gmt":"2022-11-08T12:49:03","slug":"technischer-service","status":"publish","type":"page","link":"https:\/\/ergoline.nl\/fr\/technischer-service\/","title":{"rendered":"Technischer service"},"content":{"rendered":"<div class=\"wpb-content-wrapper\"><p>[vc_row css_animation=&#8221;&#8221; row_type=&#8221;row&#8221; use_row_as_full_screen_section=&#8221;no&#8221; type=&#8221;grid&#8221; angled_section=&#8221;no&#8221; text_align=&#8221;left&#8221; background_image_as_pattern=&#8221;without_pattern&#8221; z_index=&#8221;&#8221;][vc_column][vc_single_image image=&#8221;17193&#8243; img_size=&#8221;full&#8221; qode_css_animation=&#8221;&#8221;][\/vc_column][\/vc_row][vc_row css_animation=&#8221;&#8221; row_type=&#8221;row&#8221; use_row_as_full_screen_section=&#8221;no&#8221; type=&#8221;full_width&#8221; angled_section=&#8221;no&#8221; text_align=&#8221;left&#8221; background_image_as_pattern=&#8221;without_pattern&#8221;][vc_column][vc_empty_space height=&#8221;100px&#8221;][\/vc_column][\/vc_row][vc_row css_animation=&#8221;&#8221; row_type=&#8221;row&#8221; use_row_as_full_screen_section=&#8221;no&#8221; type=&#8221;grid&#8221; angled_section=&#8221;no&#8221; text_align=&#8221;left&#8221; background_image_as_pattern=&#8221;without_pattern&#8221; z_index=&#8221;&#8221;][vc_column][vc_column_text]<\/p>\n<h3>Avec JK-Nederland, vous avez \u00e0 vos c\u00f4t\u00e9s une entreprise qui vous soutient, avant, pendant et apr\u00e8s votre achat. Notre r\u00e9seau international avec notre service client\u00e8le et notre service technique garantit \u00e0 nos clients une assistance rapide et efficace. Notre \u00e9quipe de techniciens et de sp\u00e9cialistes se tient \u00e0 votre disposition pour vous aider lorsque cela est n\u00e9cessaire. Nous vous apportons volontiers notre aide, du remplacement des lampes aux formations d\u2019entretien.<\/h3>\n<p>[\/vc_column_text][vc_separator type=&#8221;transparent&#8221;][vc_separator type=&#8221;transparent&#8221;]<a  itemprop=\"url\" href=\"https:\/\/www.jk-globalservice.com\/\" target=\"_blank\" data-hover-background-color=\"#011b32\" data-hover-color=\"#ffffff\" class=\"qbutton  large default borderstyle\" style=\"color: #4d6070; border-color: #4d6070; \">Boutique en ligne de JK-Nederland<\/a>[vc_separator type=&#8221;transparent&#8221;][vc_separator type=&#8221;transparent&#8221;][vc_separator type=&#8221;transparent&#8221;][vc_separator type=&#8221;transparent&#8221;][\/vc_column][\/vc_row][vc_row css_animation=&#8221;&#8221; row_type=&#8221;row&#8221; use_row_as_full_screen_section=&#8221;no&#8221; type=&#8221;full_width&#8221; angled_section=&#8221;no&#8221; text_align=&#8221;left&#8221; background_image_as_pattern=&#8221;without_pattern&#8221;][vc_column width=&#8221;1\/2&#8243;][vc_column_text]<\/p>\n<h3><strong>ENTRETIEN<\/strong><\/h3>\n<p>[\/vc_column_text][vc_separator type=&#8221;transparent&#8221;][vc_column_text]<span lang=\"FR\">Nous attirons votre attention sur l\u2019obligation de respecter la m\u00e9thode d\u2019entretien prescrite et d\u2019ex\u00e9cuter m\u00e9ticuleusement les travaux d\u2019entretien. La l\u00e9gislation \u00e9tablit que l\u2019appareil doit \u00eatre test\u00e9 tous les douze mois (\u00e0 compter de la mise en service) pour \u00eatre maintenu en bon \u00e9tat.<\/span><\/p>\n<p><span lang=\"FR\">\u00a0<\/span><\/p>\n<p><span lang=\"FR\">Les travaux d\u2019entretien doivent \u00eatre effectu\u00e9s par un technicien d\u2019entretien de JK ou par des personnes autoris\u00e9es, form\u00e9es et qualifi\u00e9es par JK-Nederland.<\/span><\/p>\n<p><span lang=\"FR\">\u00a0<\/span><\/p>\n<p><span lang=\"FR\">Le propri\u00e9taire du studio a pour responsabilit\u00e9 de respecter les consignes d\u2019entretien prescrites. Si vous avez des questions \u00e0 ce sujet, veuillez envoyer un courrier \u00e9lectronique \u00e0 l\u2019adresse suivante\u00a0: service@jk-nederland.nl. Notre service technique vous contactera d\u00e8s que possible.<\/span>[\/vc_column_text][vc_separator type=&#8221;transparent&#8221;][vc_separator type=&#8221;transparent&#8221;][\/vc_column][vc_column width=&#8221;1\/2&#8243;][vc_separator type=&#8221;transparent&#8221;][vc_separator type=&#8221;transparent&#8221;][vc_separator type=&#8221;transparent&#8221;][vc_separator type=&#8221;transparent&#8221;][vc_single_image image=&#8221;16938&#8243; img_size=&#8221;full&#8221; qode_css_animation=&#8221;&#8221;][\/vc_column][\/vc_row]<\/p>\n<\/div>","protected":false},"excerpt":{"rendered":"<p>[vc_row css_animation=&#8221;&#8221; row_type=&#8221;row&#8221; use_row_as_full_screen_section=&#8221;no&#8221; type=&#8221;grid&#8221; angled_section=&#8221;no&#8221; text_align=&#8221;left&#8221; background_image_as_pattern=&#8221;without_pattern&#8221; z_index=&#8221;&#8221;][vc_column][vc_single_image image=&#8221;17193&#8243; img_size=&#8221;full&#8221; qode_css_animation=&#8221;&#8221;][\/vc_column][\/vc_row][vc_row css_animation=&#8221;&#8221; row_type=&#8221;row&#8221; use_row_as_full_screen_section=&#8221;no&#8221; type=&#8221;full_width&#8221; angled_section=&#8221;no&#8221; text_align=&#8221;left&#8221; background_image_as_pattern=&#8221;without_pattern&#8221;][vc_column][vc_empty_space height=&#8221;100px&#8221;][\/vc_column][\/vc_row][vc_row css_animation=&#8221;&#8221; row_type=&#8221;row&#8221; use_row_as_full_screen_section=&#8221;no&#8221; type=&#8221;grid&#8221; angled_section=&#8221;no&#8221; text_align=&#8221;left&#8221; background_image_as_pattern=&#8221;without_pattern&#8221; z_index=&#8221;&#8221;][vc_column][vc_column_text] Avec JK-Nederland, vous avez \u00e0 vos c\u00f4t\u00e9s une entreprise qui vous soutient, avant, pendant et apr\u00e8s votre&#8230;<\/p>\n","protected":false},"author":2,"featured_media":0,"parent":0,"menu_order":0,"comment_status":"closed","ping_status":"closed","template":"","meta":{"footnotes":""},"class_list":["post-16303","page","type-page","status-publish","hentry"],"_links":{"self":[{"href":"https:\/\/ergoline.nl\/fr\/wp-json\/wp\/v2\/pages\/16303","targetHints":{"allow":["GET"]}}],"collection":[{"href":"https:\/\/ergoline.nl\/fr\/wp-json\/wp\/v2\/pages"}],"about":[{"href":"https:\/\/ergoline.nl\/fr\/wp-json\/wp\/v2\/types\/page"}],"author":[{"embeddable":true,"href":"https:\/\/ergoline.nl\/fr\/wp-json\/wp\/v2\/users\/2"}],"replies":[{"embeddable":true,"href":"https:\/\/ergoline.nl\/fr\/wp-json\/wp\/v2\/comments?post=16303"}],"version-history":[{"count":12,"href":"https:\/\/ergoline.nl\/fr\/wp-json\/wp\/v2\/pages\/16303\/revisions"}],"predecessor-version":[{"id":17194,"href":"https:\/\/ergoline.nl\/fr\/wp-json\/wp\/v2\/pages\/16303\/revisions\/17194"}],"wp:attachment":[{"href":"https:\/\/ergoline.nl\/fr\/wp-json\/wp\/v2\/media?parent=16303"}],"curies":[{"name":"wp","href":"https:\/\/api.w.org\/{rel}","templated":true}]}}