{"id":15634,"date":"2020-09-08T13:45:43","date_gmt":"2020-09-08T13:45:43","guid":{"rendered":"https:\/\/pucoo.nl\/erg\/?page_id=15634"},"modified":"2025-01-20T11:21:56","modified_gmt":"2025-01-20T11:21:56","slug":"kontakt","status":"publish","type":"page","link":"https:\/\/ergoline.nl\/fr\/kontakt\/","title":{"rendered":"Kontakt"},"content":{"rendered":"<p>[vc_row css_animation=\u00a0\u00bb\u00a0\u00bb row_type=\u00a0\u00bbrow\u00a0\u00bb use_row_as_full_screen_section=\u00a0\u00bbno\u00a0\u00bb type=\u00a0\u00bbgrid\u00a0\u00bb angled_section=\u00a0\u00bbno\u00a0\u00bb text_align=\u00a0\u00bbleft\u00a0\u00bb background_image_as_pattern=\u00a0\u00bbwithout_pattern\u00a0\u00bb z_index=\u00a0\u00bb\u00a0\u00bb][vc_column][vc_single_image image=\u00a0\u00bb17308&Prime; img_size=\u00a0\u00bbfull\u00a0\u00bb qode_css_animation=\u00a0\u00bb\u00a0\u00bb][vc_separator type=\u00a0\u00bbtransparent\u00a0\u00bb][vc_separator type=\u00a0\u00bbtransparent\u00a0\u00bb][vc_row_inner row_type=\u00a0\u00bbrow\u00a0\u00bb type=\u00a0\u00bbfull_width\u00a0\u00bb text_align=\u00a0\u00bbleft\u00a0\u00bb css_animation=\u00a0\u00bb\u00a0\u00bb][vc_column_inner][vc_column_text]<\/p>\n<h1><span lang=\"FR\">NOUS R\u00c9PONDONS VOLONTIERS \u00c0 VOS QUESTIONS<\/span><\/h1>\n<p>[\/vc_column_text][\/vc_column_inner][\/vc_row_inner][vc_separator type=\u00a0\u00bbtransparent\u00a0\u00bb][vc_separator type=\u00a0\u00bbtransparent\u00a0\u00bb][vc_column_text]<\/p>\n<h4><span lang=\"FR\">JK-Benelux est le fournisseur par excellence d\u2019\u00e9quipements esth\u00e9tiques professionnels des marques Ergoline, ELT by beauty angel, DAYON et Wellsystem. JK-Benelux est \u00e9galement fournisseur des produits de soin pour le bronzage Devoted Creations, des logiciels SunLync et des solutions de marketing olfactif ScentLinq. Notre programme de livraison complet comprend notamment la possibilit\u00e9 d\u2019obtenir des conseils pour l\u2019am\u00e9nagement int\u00e9rieur, des \u00e9quipements logiciels et mat\u00e9riels, la livraison de lampes de qualit\u00e9 adapt\u00e9e, votre formation et celle de votre personnel, des stocks de pi\u00e8ces, du marketing olfactif et d\u2019autres outils marketing. Le tout aupr\u00e8s d\u2019un seul et m\u00eame partenaire. Vous pouvez nous joindre par t\u00e9l\u00e9phone ou via notre formulaire de contact.<\/span><\/h4>\n<p>[\/vc_column_text][vc_separator type=\u00a0\u00bbtransparent\u00a0\u00bb][vc_separator type=\u00a0\u00bbtransparent\u00a0\u00bb][vc_empty_space height=\u00a0\u00bb100px\u00a0\u00bb][\/vc_column][\/vc_row][vc_row css_animation=\u00a0\u00bb\u00a0\u00bb row_type=\u00a0\u00bbrow\u00a0\u00bb use_row_as_full_screen_section=\u00a0\u00bbno\u00a0\u00bb type=\u00a0\u00bbfull_width\u00a0\u00bb angled_section=\u00a0\u00bbno\u00a0\u00bb text_align=\u00a0\u00bbleft\u00a0\u00bb background_image_as_pattern=\u00a0\u00bbwithout_pattern\u00a0\u00bb][vc_column width=\u00a0\u00bb1\/2&Prime;][vc_column_text]<\/p>\n<h3><strong>Contactez-nous<\/strong><\/h3>\n<p>[\/vc_column_text][vc_separator type=\u00a0\u00bbtransparent\u00a0\u00bb][vc_separator type=\u00a0\u00bbtransparent\u00a0\u00bb]\n<div class=\"wpcf7 no-js\" id=\"wpcf7-f5-o1\" lang=\"nl-NL\" dir=\"ltr\" data-wpcf7-id=\"5\">\n<div class=\"screen-reader-response\"><p role=\"status\" aria-live=\"polite\" aria-atomic=\"true\"><\/p> <ul><\/ul><\/div>\n<form action=\"\/fr\/wp-json\/wp\/v2\/pages\/15634#wpcf7-f5-o1\" method=\"post\" class=\"wpcf7-form init cf7_custom_style_2\" aria-label=\"Contactformulier\" novalidate=\"novalidate\" data-status=\"init\">\n<fieldset class=\"hidden-fields-container\"><input type=\"hidden\" name=\"_wpcf7\" value=\"5\" \/><input type=\"hidden\" name=\"_wpcf7_version\" value=\"6.1.5\" \/><input type=\"hidden\" name=\"_wpcf7_locale\" value=\"nl_NL\" \/><input type=\"hidden\" name=\"_wpcf7_unit_tag\" value=\"wpcf7-f5-o1\" \/><input type=\"hidden\" name=\"_wpcf7_container_post\" value=\"0\" \/><input type=\"hidden\" name=\"_wpcf7_posted_data_hash\" value=\"\" \/>\n<\/fieldset>\n<p>S\u00e9lectionnez un th\u00e8me...<br \/>\n<span class=\"wpcf7-form-control-wrap\" data-name=\"menu-435\"><select class=\"wpcf7-form-control wpcf7-select\" aria-invalid=\"false\" name=\"menu-435\"><option value=\"\">&#8212;Kies een optie&#8212;<\/option><option value=\"Distribution\">Distribution<\/option><option value=\"Service Technique\">Service Technique<\/option><option value=\"Marketing\">Marketing<\/option><option value=\"Autre\">Autre<\/option><\/select><\/span>\n<\/p>\n<p><label> Nom*<br \/>\n<span class=\"wpcf7-form-control-wrap\" data-name=\"your-name\"><input size=\"40\" maxlength=\"400\" class=\"wpcf7-form-control wpcf7-text wpcf7-validates-as-required\" aria-required=\"true\" aria-invalid=\"false\" value=\"\" type=\"text\" name=\"your-name\" \/><\/span> <\/label>\n<\/p>\n<p><label> Adresse \u00e9lectronique*<br \/>\n<span class=\"wpcf7-form-control-wrap\" data-name=\"your-email\"><input size=\"40\" maxlength=\"400\" class=\"wpcf7-form-control wpcf7-email wpcf7-validates-as-required wpcf7-text wpcf7-validates-as-email\" aria-required=\"true\" aria-invalid=\"false\" value=\"\" type=\"email\" name=\"your-email\" \/><\/span> <\/label>\n<\/p>\n<p><label>Rue<br \/>\n<span class=\"wpcf7-form-control-wrap\" data-name=\"text-797\"><input size=\"40\" maxlength=\"400\" class=\"wpcf7-form-control wpcf7-text\" aria-invalid=\"false\" value=\"\" type=\"text\" name=\"text-797\" \/><\/span><\/label>\n<\/p>\n<p><label>Code postal<br \/>\n<span class=\"wpcf7-form-control-wrap\" data-name=\"text-798\"><input size=\"40\" maxlength=\"400\" class=\"wpcf7-form-control wpcf7-text\" aria-invalid=\"false\" value=\"\" type=\"text\" name=\"text-798\" \/><\/span><\/label>\n<\/p>\n<p><label>Localit\u00e9<br \/>\n<span class=\"wpcf7-form-control-wrap\" data-name=\"text-800\"><input size=\"40\" maxlength=\"400\" class=\"wpcf7-form-control wpcf7-text\" aria-invalid=\"false\" value=\"\" type=\"text\" name=\"text-800\" \/><\/span><\/label>\n<\/p>\n<p><label>Pays<br \/>\n<span class=\"wpcf7-form-control-wrap\" data-name=\"text-801\"><input size=\"40\" maxlength=\"400\" class=\"wpcf7-form-control wpcf7-text\" aria-invalid=\"false\" value=\"\" type=\"text\" name=\"text-801\" \/><\/span><\/label>\n<\/p>\n<p><label>Num\u00e9ro de t\u00e9l\u00e9phone<br \/>\n<span class=\"wpcf7-form-control-wrap\" data-name=\"tel-633\"><input size=\"40\" maxlength=\"400\" class=\"wpcf7-form-control wpcf7-tel wpcf7-text wpcf7-validates-as-tel\" aria-invalid=\"false\" value=\"\" type=\"tel\" name=\"tel-633\" \/><\/span><\/label>\n<\/p>\n<p><label> Champ de saisie - message*<br \/>\n<span class=\"wpcf7-form-control-wrap\" data-name=\"your-message\"><textarea cols=\"40\" rows=\"10\" maxlength=\"2000\" class=\"wpcf7-form-control wpcf7-textarea\" aria-invalid=\"false\" name=\"your-message\"><\/textarea><\/span> <\/label>\n<\/p>\n<p>*Champ obligatoire\n<\/p>\n<p><input class=\"wpcf7-form-control wpcf7-submit has-spinner\" type=\"submit\" value=\"Envoyer\" \/>\n<\/p><div class=\"wpcf7-response-output\" aria-hidden=\"true\"><\/div>\n<\/form>\n<\/div>\n[\/vc_column][vc_column width=\u00a0\u00bb1\/2&Prime; css=\u00a0\u00bb.vc_custom_1599570905195{background-color: #dadee1 !important;}\u00a0\u00bb][vc_column_text]<\/p>\n<h3><strong>Votre contact<\/strong><\/h3>\n<p>[\/vc_column_text][vc_row_inner row_type=\u00a0\u00bbrow\u00a0\u00bb type=\u00a0\u00bbfull_width\u00a0\u00bb text_align=\u00a0\u00bbleft\u00a0\u00bb css_animation=\u00a0\u00bb\u00a0\u00bb][vc_column_inner][vc_separator type=\u00a0\u00bbnormal\u00a0\u00bb][\/vc_column_inner][\/vc_row_inner][vc_row_inner row_type=\u00a0\u00bbrow\u00a0\u00bb type=\u00a0\u00bbfull_width\u00a0\u00bb text_align=\u00a0\u00bbleft\u00a0\u00bb css_animation=\u00a0\u00bb\u00a0\u00bb][vc_column_inner width=\u00a0\u00bb1\/4&Prime;][vc_column_text]<strong><span lang=\"FR\">G\u00e9n\u00e9ral<\/span><\/strong><\/p>\n<p>[\/vc_column_text][\/vc_column_inner][vc_column_inner width=\u00a0\u00bb1\/2&Prime;][vc_column_text]info@jk-benelux.com[\/vc_column_text][\/vc_column_inner][vc_column_inner width=\u00a0\u00bb1\/4&Prime;][vc_column_text]<span lang=\"FR\">010-4622933<\/span>[\/vc_column_text][\/vc_column_inner][\/vc_row_inner][vc_row_inner row_type=\u00a0\u00bbrow\u00a0\u00bb type=\u00a0\u00bbfull_width\u00a0\u00bb text_align=\u00a0\u00bbleft\u00a0\u00bb css_animation=\u00a0\u00bb\u00a0\u00bb][vc_column_inner][vc_separator type=\u00a0\u00bbnormal\u00a0\u00bb][\/vc_column_inner][\/vc_row_inner][vc_row_inner row_type=\u00a0\u00bbrow\u00a0\u00bb type=\u00a0\u00bbfull_width\u00a0\u00bb text_align=\u00a0\u00bbleft\u00a0\u00bb css_animation=\u00a0\u00bb\u00a0\u00bb][vc_column_inner width=\u00a0\u00bb1\/4&Prime;][vc_column_text]<strong><span lang=\"FR\">Service technique<\/span><\/strong>[\/vc_column_text][\/vc_column_inner][vc_column_inner width=\u00a0\u00bb1\/2&Prime;][vc_column_text]service@jk-benelux.com[\/vc_column_text][\/vc_column_inner][vc_column_inner width=\u00a0\u00bb1\/4&Prime;][vc_column_text]<span lang=\"FR\">010-4622933<\/span>[\/vc_column_text][\/vc_column_inner][\/vc_row_inner][vc_separator type=\u00a0\u00bbtransparent\u00a0\u00bb][vc_separator type=\u00a0\u00bbtransparent\u00a0\u00bb][\/vc_column][\/vc_row]<\/p>\n","protected":false},"excerpt":{"rendered":"<p>[vc_row css_animation=\u00a0\u00bb\u00a0\u00bb row_type=\u00a0\u00bbrow\u00a0\u00bb use_row_as_full_screen_section=\u00a0\u00bbno\u00a0\u00bb type=\u00a0\u00bbgrid\u00a0\u00bb angled_section=\u00a0\u00bbno\u00a0\u00bb text_align=\u00a0\u00bbleft\u00a0\u00bb background_image_as_pattern=\u00a0\u00bbwithout_pattern\u00a0\u00bb z_index=\u00a0\u00bb\u00a0\u00bb][vc_column][vc_single_image image=\u00a0\u00bb17308&Prime; img_size=\u00a0\u00bbfull\u00a0\u00bb qode_css_animation=\u00a0\u00bb\u00a0\u00bb][vc_separator type=\u00a0\u00bbtransparent\u00a0\u00bb][vc_separator type=\u00a0\u00bbtransparent\u00a0\u00bb][vc_row_inner row_type=\u00a0\u00bbrow\u00a0\u00bb type=\u00a0\u00bbfull_width\u00a0\u00bb text_align=\u00a0\u00bbleft\u00a0\u00bb css_animation=\u00a0\u00bb\u00a0\u00bb][vc_column_inner][vc_column_text] NOUS R\u00c9PONDONS VOLONTIERS \u00c0 VOS QUESTIONS [\/vc_column_text][\/vc_column_inner][\/vc_row_inner][vc_separator type=\u00a0\u00bbtransparent\u00a0\u00bb][vc_separator type=\u00a0\u00bbtransparent\u00a0\u00bb][vc_column_text] JK-Benelux est le fournisseur par excellence d\u2019\u00e9quipements esth\u00e9tiques professionnels des marques Ergoline, ELT by beauty angel, DAYON et&#8230;<\/p>\n","protected":false},"author":2,"featured_media":0,"parent":0,"menu_order":0,"comment_status":"closed","ping_status":"closed","template":"","meta":{"footnotes":""},"class_list":["post-15634","page","type-page","status-publish","hentry"],"_links":{"self":[{"href":"https:\/\/ergoline.nl\/fr\/wp-json\/wp\/v2\/pages\/15634","targetHints":{"allow":["GET"]}}],"collection":[{"href":"https:\/\/ergoline.nl\/fr\/wp-json\/wp\/v2\/pages"}],"about":[{"href":"https:\/\/ergoline.nl\/fr\/wp-json\/wp\/v2\/types\/page"}],"author":[{"embeddable":true,"href":"https:\/\/ergoline.nl\/fr\/wp-json\/wp\/v2\/users\/2"}],"replies":[{"embeddable":true,"href":"https:\/\/ergoline.nl\/fr\/wp-json\/wp\/v2\/comments?post=15634"}],"version-history":[{"count":43,"href":"https:\/\/ergoline.nl\/fr\/wp-json\/wp\/v2\/pages\/15634\/revisions"}],"predecessor-version":[{"id":31818,"href":"https:\/\/ergoline.nl\/fr\/wp-json\/wp\/v2\/pages\/15634\/revisions\/31818"}],"wp:attachment":[{"href":"https:\/\/ergoline.nl\/fr\/wp-json\/wp\/v2\/media?parent=15634"}],"curies":[{"name":"wp","href":"https:\/\/api.w.org\/{rel}","templated":true}]}}