{"id":15609,"date":"2020-09-08T12:49:56","date_gmt":"2020-09-08T12:49:56","guid":{"rendered":"https:\/\/pucoo.nl\/erg\/?page_id=15609"},"modified":"2022-09-28T13:49:06","modified_gmt":"2022-09-28T13:49:06","slug":"uber-uns","status":"publish","type":"page","link":"https:\/\/ergoline.nl\/fr\/uber-uns\/","title":{"rendered":"\u00dcber uns"},"content":{"rendered":"<p>[vc_row css_animation=\u00a0\u00bb\u00a0\u00bb row_type=\u00a0\u00bbrow\u00a0\u00bb use_row_as_full_screen_section=\u00a0\u00bbno\u00a0\u00bb type=\u00a0\u00bbfull_width\u00a0\u00bb angled_section=\u00a0\u00bbno\u00a0\u00bb text_align=\u00a0\u00bbleft\u00a0\u00bb background_image_as_pattern=\u00a0\u00bbwithout_pattern\u00a0\u00bb][vc_column width=\u00a0\u00bb1\/2&Prime; css=\u00a0\u00bb.vc_custom_1651219650883{margin-left: 100px !important;}\u00a0\u00bb offset=\u00a0\u00bbvc_hidden-sm vc_hidden-xs\u00a0\u00bb][vc_empty_space height=\u00a0\u00bb200px\u00a0\u00bb][vc_column_text]<\/p>\n<h1><strong>JK-GRUPPE<br \/>\nHIGH QUALITY<\/strong><\/h1>\n<h1>MADE IN GERMANY<\/h1>\n<h3><\/h3>\n<h3><\/h3>\n<p>[\/vc_column_text][vc_separator type=\u00a0\u00bbtransparent\u00a0\u00bb][vc_separator type=\u00a0\u00bbtransparent\u00a0\u00bb][vc_separator type=\u00a0\u00bbtransparent\u00a0\u00bb][\/vc_column][vc_column width=\u00a0\u00bb1\/2&Prime; offset=\u00a0\u00bbvc_hidden-sm vc_hidden-xs\u00a0\u00bb][vc_single_image image=\u00a0\u00bb16287&Prime; img_size=\u00a0\u00bbfull\u00a0\u00bb qode_css_animation=\u00a0\u00bb\u00a0\u00bb][\/vc_column][\/vc_row][vc_row css_animation=\u00a0\u00bb\u00a0\u00bb row_type=\u00a0\u00bbrow\u00a0\u00bb use_row_as_full_screen_section=\u00a0\u00bbno\u00a0\u00bb type=\u00a0\u00bbfull_width\u00a0\u00bb angled_section=\u00a0\u00bbno\u00a0\u00bb text_align=\u00a0\u00bbleft\u00a0\u00bb background_image_as_pattern=\u00a0\u00bbwithout_pattern\u00a0\u00bb][vc_column width=\u00a0\u00bb1\/2&Prime; offset=\u00a0\u00bbvc_hidden-lg vc_hidden-md\u00a0\u00bb][vc_column_text]<\/p>\n<h1><strong>JK-GRUPPE<br \/>\nHIGH QUALITY<\/strong><\/h1>\n<h1>MADE IN GERMANY<\/h1>\n<h3><\/h3>\n<h3><\/h3>\n<p>[\/vc_column_text][vc_separator type=\u00a0\u00bbtransparent\u00a0\u00bb][vc_separator type=\u00a0\u00bbtransparent\u00a0\u00bb][vc_separator type=\u00a0\u00bbtransparent\u00a0\u00bb][\/vc_column][vc_column width=\u00a0\u00bb1\/2&Prime; offset=\u00a0\u00bbvc_hidden-lg vc_hidden-md\u00a0\u00bb][vc_single_image image=\u00a0\u00bb16287&Prime; img_size=\u00a0\u00bbfull\u00a0\u00bb qode_css_animation=\u00a0\u00bb\u00a0\u00bb][\/vc_column][\/vc_row][vc_row css_animation=\u00a0\u00bb\u00a0\u00bb row_type=\u00a0\u00bbrow\u00a0\u00bb use_row_as_full_screen_section=\u00a0\u00bbno\u00a0\u00bb type=\u00a0\u00bbgrid\u00a0\u00bb angled_section=\u00a0\u00bbno\u00a0\u00bb text_align=\u00a0\u00bbleft\u00a0\u00bb background_image_as_pattern=\u00a0\u00bbwithout_pattern\u00a0\u00bb z_index=\u00a0\u00bb\u00a0\u00bb][vc_column][vc_column_text]<\/p>\n<h4><span lang=\"FR\">JK Group, initialement un atelier de menuiserie fond\u00e9 en\u00a01927, est aujourd\u2019hui un fournisseur de premier ordre dans les domaines du bien-\u00eatre, du mode de vie et de la sant\u00e9. Avec environ 350\u00a0personnes en service dans le monde entier, JK Group assure notamment la r\u00e9ussite des marques Ergoline, Wellsystem et Beauty Angel.<\/span><\/h4>\n<p>[\/vc_column_text][vc_separator type=\u00a0\u00bbtransparent\u00a0\u00bb][vc_column_text]<span lang=\"FR\">Le si\u00e8ge se trouve \u00e0 Windhagen, en Allemagne. Le si\u00e8ge n\u00e9erlandais est bas\u00e9 \u00e0 Rotterdam. JK Group s\u2019est impos\u00e9 en tant que leader du march\u00e9 dans ses domaines gr\u00e2ce \u00e0 des innovations permanentes, un souci du client et un r\u00e9seau de services international.<\/span>[\/vc_column_text][vc_separator type=\u00a0\u00bbtransparent\u00a0\u00bb][vc_empty_space height=\u00a0\u00bb100px\u00a0\u00bb][\/vc_column][\/vc_row][vc_row css_animation=\u00a0\u00bb\u00a0\u00bb row_type=\u00a0\u00bbrow\u00a0\u00bb use_row_as_full_screen_section=\u00a0\u00bbno\u00a0\u00bb type=\u00a0\u00bbfull_width\u00a0\u00bb angled_section=\u00a0\u00bbno\u00a0\u00bb text_align=\u00a0\u00bbleft\u00a0\u00bb background_image_as_pattern=\u00a0\u00bbwithout_pattern\u00a0\u00bb][vc_column width=\u00a0\u00bb1\/4&Prime;][vc_single_image image=\u00a0\u00bb17000&Prime; img_size=\u00a0\u00bbfull\u00a0\u00bb qode_css_animation=\u00a0\u00bb\u00a0\u00bb][vc_separator type=\u00a0\u00bbtransparent\u00a0\u00bb][vc_separator type=\u00a0\u00bbtransparent\u00a0\u00bb][vc_column_text]<\/p>\n<h3><strong>ERGOLINE<\/strong><br \/>\nNUM\u00c9RO\u00a01 DU SOLARIUM<\/h3>\n<p>&nbsp;<\/p>\n<p><span lang=\"FR\">Ergoline est la marque d\u2019\u00e9quipements de bronzage la plus connue au monde. La marque au logo magenta est r\u00e9put\u00e9e depuis plus de 30\u00a0ans pour ses nouvelles technologies, son fonctionnement intuitif et sa qualit\u00e9 optimale.<\/span>[\/vc_column_text][\/vc_column][vc_column width=\u00a0\u00bb1\/4&Prime;][vc_single_image image=\u00a0\u00bb17001&Prime; img_size=\u00a0\u00bbfull\u00a0\u00bb qode_css_animation=\u00a0\u00bb\u00a0\u00bb][vc_separator type=\u00a0\u00bbtransparent\u00a0\u00bb][vc_separator type=\u00a0\u00bbtransparent\u00a0\u00bb][vc_column_text]<\/p>\n<h3 class=\"text-image-box__headline\"><strong>WELLSYSTEM<br \/>\n<\/strong>TECHNOLOGIE HYDROJET EXCLUSIVE<\/h3>\n<p>&nbsp;<\/p>\n<div class=\"text-image-box__subheadline\">\n<p><span lang=\"FR\">Dans les ann\u00e9es\u00a01990, Wellsystem a cr\u00e9\u00e9 avec la technologie Hydrojet, une cat\u00e9gorie de produits qui est devenue depuis indispensable dans le secteur du bien-\u00eatre. Le syst\u00e8me de massage \u00e0 eau s\u00e8che est utilis\u00e9 dans le monde entier, aussi bien dans le secteur th\u00e9rapeutique que dans le secteur commercial.<\/span><\/p>\n<\/div>\n<p>[\/vc_column_text][vc_separator type=\u00a0\u00bbtransparent\u00a0\u00bb][vc_separator type=\u00a0\u00bbtransparent\u00a0\u00bb][vc_row_inner row_type=\u00a0\u00bbrow\u00a0\u00bb type=\u00a0\u00bbfull_width\u00a0\u00bb text_align=\u00a0\u00bbleft\u00a0\u00bb css_animation=\u00a0\u00bb\u00a0\u00bb][vc_column_inner offset=\u00a0\u00bbvc_hidden-lg vc_hidden-md\u00a0\u00bb]<a  itemprop=\"url\" href=\"https:\/\/www.wellsystem.de\" target=\"_blank\" data-hover-background-color='#011b32' data-hover-color='#ffffff' class=\"qbutton  large default borderstyle\" style=\"color: #4d6070; border-color: #4d6070; \">Zu Wellsystem<\/a>[\/vc_column_inner][\/vc_row_inner][\/vc_column][vc_column width=\u00a0\u00bb1\/4&Prime;][vc_single_image image=\u00a0\u00bb17002&Prime; img_size=\u00a0\u00bbfull\u00a0\u00bb qode_css_animation=\u00a0\u00bb\u00a0\u00bb][vc_separator type=\u00a0\u00bbtransparent\u00a0\u00bb][vc_separator type=\u00a0\u00bbtransparent\u00a0\u00bb][vc_column_text]<\/p>\n<h3 class=\"text-image-box__headline\"><strong>BEAUTY ANGEL<\/strong><br \/>\nUN SOIN LUMINEUX DE LA PEAU<\/h3>\n<p>&nbsp;<\/p>\n<div class=\"text-image-box__subheadline\">\n<p><span lang=\"FR\">Beauty Angel est synonyme de soin doux avec une lumi\u00e8re sans rayons\u00a0UV. Des spectres lumineux sp\u00e9ciaux, la Beauty Light, agissent en profondeur au niveau de la peau et augmentent la production de collag\u00e8ne afin d\u2019am\u00e9liorer l\u2019\u00e9tat de la peau de mani\u00e8re visible.<\/span><\/p>\n<\/div>\n<p>[\/vc_column_text][vc_separator type=\u00a0\u00bbtransparent\u00a0\u00bb][vc_separator type=\u00a0\u00bbtransparent\u00a0\u00bb][vc_row_inner row_type=\u00a0\u00bbrow\u00a0\u00bb type=\u00a0\u00bbfull_width\u00a0\u00bb text_align=\u00a0\u00bbleft\u00a0\u00bb css_animation=\u00a0\u00bb\u00a0\u00bb][vc_column_inner offset=\u00a0\u00bbvc_hidden-lg vc_hidden-md\u00a0\u00bb]<a  itemprop=\"url\" href=\"https:\/\/beauty-angel.de\/\" target=\"_blank\" data-hover-background-color='#011b32' data-hover-color='#ffffff' class=\"qbutton  large default borderstyle\" style=\"color: #4d6070; border-color: #4d6070; \">Zu Beauty Angel<\/a>[\/vc_column_inner][\/vc_row_inner][\/vc_column][vc_column width=\u00a0\u00bb1\/4&Prime;][vc_single_image image=\u00a0\u00bb16943&Prime; img_size=\u00a0\u00bbfull\u00a0\u00bb qode_css_animation=\u00a0\u00bb\u00a0\u00bb][vc_separator type=\u00a0\u00bbtransparent\u00a0\u00bb][vc_separator type=\u00a0\u00bbtransparent\u00a0\u00bb][vc_column_text]<\/p>\n<h3 class=\"text-image-box__headline\"><strong>DAYON<\/strong><\/h3>\n<h3>TECHNOLOGIES LUMINEUSES ET UV<\/h3>\n<p>&nbsp;<\/p>\n<div class=\"text-image-box__subheadline\">\n<p><span lang=\"FR\">DAYON LightSpa est plus qu\u2019un solarium ou qu\u2019un banc solaire \u00e0 la maison. LightSpa est le lieu o\u00f9 vous pouvez vous r\u00e9fugier pour profiter du soleil et de la lumi\u00e8re \u00e0 tout moment de la journ\u00e9e. Pour un h\u00e2le beau et naturel et une peau soign\u00e9e.<\/span><\/p>\n<\/div>\n<p>[\/vc_column_text][vc_separator type=\u00a0\u00bbtransparent\u00a0\u00bb][vc_separator type=\u00a0\u00bbtransparent\u00a0\u00bb][vc_row_inner row_type=\u00a0\u00bbrow\u00a0\u00bb type=\u00a0\u00bbfull_width\u00a0\u00bb text_align=\u00a0\u00bbleft\u00a0\u00bb css_animation=\u00a0\u00bb\u00a0\u00bb][vc_column_inner offset=\u00a0\u00bbvc_hidden-lg vc_hidden-md\u00a0\u00bb]<a  itemprop=\"url\" href=\"https:\/\/www.dayon.com\/\" target=\"_blank\" data-hover-background-color='#011b32' data-hover-color='#ffffff' class=\"qbutton  large default borderstyle\" style=\"color: #4d6070; border-color: #4d6070; \">Zu Dayon<\/a>[\/vc_column_inner][\/vc_row_inner][\/vc_column][\/vc_row][vc_row css_animation=\u00a0\u00bb\u00a0\u00bb row_type=\u00a0\u00bbrow\u00a0\u00bb use_row_as_full_screen_section=\u00a0\u00bbno\u00a0\u00bb type=\u00a0\u00bbfull_width\u00a0\u00bb angled_section=\u00a0\u00bbno\u00a0\u00bb text_align=\u00a0\u00bbleft\u00a0\u00bb background_image_as_pattern=\u00a0\u00bbwithout_pattern\u00a0\u00bb][vc_column width=\u00a0\u00bb1\/4&Prime;][\/vc_column][vc_column width=\u00a0\u00bb1\/4&Prime; offset=\u00a0\u00bbvc_hidden-sm vc_hidden-xs\u00a0\u00bb]<a  itemprop=\"url\" href=\"https:\/\/www.wellsystem.de\" target=\"_blank\" data-hover-background-color='#011b32' data-hover-color='#ffffff' class=\"qbutton  large default borderstyle\" style=\"color: #4d6070; border-color: #4d6070; \">Acc\u00e9der \u00e0 la page Wellsystem<\/a>[\/vc_column][vc_column width=\u00a0\u00bb1\/4&Prime; offset=\u00a0\u00bbvc_hidden-sm vc_hidden-xs\u00a0\u00bb]<a  itemprop=\"url\" href=\"https:\/\/beauty-angel.de\/\" target=\"_blank\" data-hover-background-color='#011b32' data-hover-color='#ffffff' class=\"qbutton  large default borderstyle\" style=\"color: #4d6070; border-color: #4d6070; \">Acc\u00e9der \u00e0 la page Beauty Angel<\/a>[\/vc_column][vc_column width=\u00a0\u00bb1\/4&Prime; offset=\u00a0\u00bbvc_hidden-sm vc_hidden-xs\u00a0\u00bb]<a  itemprop=\"url\" href=\"https:\/\/www.dayon.com\/\" target=\"_blank\" data-hover-background-color='#011b32' data-hover-color='#ffffff' class=\"qbutton  large default borderstyle\" style=\"color: #4d6070; border-color: #4d6070; \">Acc\u00e9der \u00e0 la page Dayon<\/a>[\/vc_column][\/vc_row][vc_row css_animation=\u00a0\u00bb\u00a0\u00bb row_type=\u00a0\u00bbrow\u00a0\u00bb use_row_as_full_screen_section=\u00a0\u00bbno\u00a0\u00bb type=\u00a0\u00bbfull_width\u00a0\u00bb angled_section=\u00a0\u00bbno\u00a0\u00bb text_align=\u00a0\u00bbleft\u00a0\u00bb background_image_as_pattern=\u00a0\u00bbwithout_pattern\u00a0\u00bb][vc_column][vc_separator type=\u00a0\u00bbtransparent\u00a0\u00bb][vc_separator type=\u00a0\u00bbtransparent\u00a0\u00bb][vc_separator type=\u00a0\u00bbtransparent\u00a0\u00bb][\/vc_column][\/vc_row][vc_row css_animation=\u00a0\u00bb\u00a0\u00bb row_type=\u00a0\u00bbrow\u00a0\u00bb use_row_as_full_screen_section=\u00a0\u00bbno\u00a0\u00bb type=\u00a0\u00bbfull_width\u00a0\u00bb angled_section=\u00a0\u00bbno\u00a0\u00bb text_align=\u00a0\u00bbleft\u00a0\u00bb background_image_as_pattern=\u00a0\u00bbwithout_pattern\u00a0\u00bb][vc_column][vc_empty_space height=\u00a0\u00bb100px\u00a0\u00bb][\/vc_column][\/vc_row]<\/p>\n","protected":false},"excerpt":{"rendered":"<p>[vc_row css_animation=\u00a0\u00bb\u00a0\u00bb row_type=\u00a0\u00bbrow\u00a0\u00bb use_row_as_full_screen_section=\u00a0\u00bbno\u00a0\u00bb type=\u00a0\u00bbfull_width\u00a0\u00bb angled_section=\u00a0\u00bbno\u00a0\u00bb text_align=\u00a0\u00bbleft\u00a0\u00bb background_image_as_pattern=\u00a0\u00bbwithout_pattern\u00a0\u00bb][vc_column width=\u00a0\u00bb1\/2&Prime; css=\u00a0\u00bb.vc_custom_1651219650883{margin-left: 100px !important;}\u00a0\u00bb offset=\u00a0\u00bbvc_hidden-sm vc_hidden-xs\u00a0\u00bb][vc_empty_space height=\u00a0\u00bb200px\u00a0\u00bb][vc_column_text] JK-GRUPPE HIGH QUALITY MADE IN GERMANY [\/vc_column_text][vc_separator type=\u00a0\u00bbtransparent\u00a0\u00bb][vc_separator type=\u00a0\u00bbtransparent\u00a0\u00bb][vc_separator type=\u00a0\u00bbtransparent\u00a0\u00bb][\/vc_column][vc_column width=\u00a0\u00bb1\/2&Prime; offset=\u00a0\u00bbvc_hidden-sm vc_hidden-xs\u00a0\u00bb][vc_single_image image=\u00a0\u00bb16287&Prime; img_size=\u00a0\u00bbfull\u00a0\u00bb qode_css_animation=\u00a0\u00bb\u00a0\u00bb][\/vc_column][\/vc_row][vc_row css_animation=\u00a0\u00bb\u00a0\u00bb row_type=\u00a0\u00bbrow\u00a0\u00bb use_row_as_full_screen_section=\u00a0\u00bbno\u00a0\u00bb type=\u00a0\u00bbfull_width\u00a0\u00bb angled_section=\u00a0\u00bbno\u00a0\u00bb text_align=\u00a0\u00bbleft\u00a0\u00bb background_image_as_pattern=\u00a0\u00bbwithout_pattern\u00a0\u00bb][vc_column width=\u00a0\u00bb1\/2&Prime; offset=\u00a0\u00bbvc_hidden-lg vc_hidden-md\u00a0\u00bb][vc_column_text] JK-GRUPPE HIGH QUALITY MADE&#8230;<\/p>\n","protected":false},"author":2,"featured_media":0,"parent":0,"menu_order":0,"comment_status":"closed","ping_status":"closed","template":"","meta":{"footnotes":""},"class_list":["post-15609","page","type-page","status-publish","hentry"],"_links":{"self":[{"href":"https:\/\/ergoline.nl\/fr\/wp-json\/wp\/v2\/pages\/15609","targetHints":{"allow":["GET"]}}],"collection":[{"href":"https:\/\/ergoline.nl\/fr\/wp-json\/wp\/v2\/pages"}],"about":[{"href":"https:\/\/ergoline.nl\/fr\/wp-json\/wp\/v2\/types\/page"}],"author":[{"embeddable":true,"href":"https:\/\/ergoline.nl\/fr\/wp-json\/wp\/v2\/users\/2"}],"replies":[{"embeddable":true,"href":"https:\/\/ergoline.nl\/fr\/wp-json\/wp\/v2\/comments?post=15609"}],"version-history":[{"count":37,"href":"https:\/\/ergoline.nl\/fr\/wp-json\/wp\/v2\/pages\/15609\/revisions"}],"predecessor-version":[{"id":17101,"href":"https:\/\/ergoline.nl\/fr\/wp-json\/wp\/v2\/pages\/15609\/revisions\/17101"}],"wp:attachment":[{"href":"https:\/\/ergoline.nl\/fr\/wp-json\/wp\/v2\/media?parent=15609"}],"curies":[{"name":"wp","href":"https:\/\/api.w.org\/{rel}","templated":true}]}}